{"id":1913,"date":"2022-12-12T14:08:12","date_gmt":"2022-12-12T14:08:12","guid":{"rendered":"https:\/\/main.sommelieredit.com\/principal\/"},"modified":"2023-04-14T13:32:22","modified_gmt":"2023-04-14T12:32:22","slug":"principal","status":"publish","type":"page","link":"https:\/\/main.sommelieredit.com\/es\/principal\/","title":{"rendered":"Principal"},"content":{"rendered":"<div class=\"wpb-content-wrapper\">[vc_row full_height=&#8221;yes&#8221;][vc_column][rev_slider slidertitle=&#8221;Sommelier Edit Intro Spanish&#8221; alias=&#8221;sommelier-edit-intro-1&#8243; offset=&#8221;&#8221;][\/vc_column][\/vc_row][vc_row remove_bottom_col_margin=&#8221;true&#8221; css=&#8221;.vc_custom_1673022321729{margin-bottom: 70px !important;padding-top: 60px !important;}&#8221;][vc_column]<style>.vcex-heading.vcex_69e03f2d81b63{font-size:30px;font-weight:700;}<\/style><h2 class=\"vcex-heading vcex-heading-plain vcex-module wpex-heading wpex-text-2xl wpex-h2 wpex-text-center vcex_69e03f2d81b63\"><span class=\"vcex-heading-inner wpex-inline-block\">Deja que tu aventura comience<\/span><\/h2><div class=\"vcex-spacing wpex-w-100 wpex-clear\" style=\"height:20px;\"><\/div>[vc_column_text width=&#8221;650px&#8221; align=&#8221;center&#8221; text_align=&#8221;center&#8221;]Descubre algo nuevo sobre c\u00f3mo se elaboran tus bebidas, los artesanos que las elaboran y el arte de ser sumiller. \u00danase a nosotros para una aventura epic\u00farea en un vaso.[\/vc_column_text]<div class=\"vcex-spacing wpex-w-100 wpex-clear\" style=\"height:55px;\"><\/div><style>.vcex-grid-container.vcex_69e03f2d843c9{gap:30px;}<\/style><div class=\"vcex-grid-container vcex-module wpex-grid wpex-gap-20 wpex-grid-cols-1 wpex-md-grid-cols-2 wpex-lg-grid-cols-3 vcex_69e03f2d843c9\"><style>.vcex-icon-box.vcex_69e03f2d85cf4 .vcex-icon-box-heading{font-size:1.2em;}<\/style><div class=\"vcex-module vcex-icon-box vcex-icon-box-one wpex-flex vcex-icon-box-wo-icon wpex-text-left vcex_69e03f2d85cf4\"><div class=\"vcex-icon-box-text wpex-flex-grow\"><h2 class=\"vcex-icon-box-heading wpex-heading wpex-mb-10\">Que beber<\/h2><div class=\"vcex-icon-box-content wpex-last-mb-0 wpex-clr\"><p>Obtenga m\u00e1s informaci\u00f3n sobre qu\u00e9 bebidas nuevas y emocionantes puede probar, cu\u00e1ndo disfrutarlas y qu\u00e9 m\u00e1s le queda por experimentar.<\/p>\n<\/div><\/div><\/div><style>.vcex-icon-box.vcex_69e03f2d86f76 .vcex-icon-box-heading{font-size:1.2em;}<\/style><div class=\"vcex-module vcex-icon-box vcex-icon-box-one wpex-flex vcex-icon-box-wo-icon wpex-text-left vcex_69e03f2d86f76\"><div class=\"vcex-icon-box-text wpex-flex-grow\"><h2 class=\"vcex-icon-box-heading wpex-heading wpex-mb-10\">Quien es quien<\/h2><div class=\"vcex-icon-box-content wpex-last-mb-0 wpex-clr\"><p>Entrevistas y perfiles de los mejores sumilleres y bartenders. Descubra qu\u00e9 les gusta beber, qu\u00e9 les inspira y descubra su conocimiento interno.<\/p>\n<\/div><\/div><\/div><style>.vcex-icon-box.vcex_69e03f2d88119 .vcex-icon-box-heading{font-size:1.2em;}<\/style><div class=\"vcex-module vcex-icon-box vcex-icon-box-one wpex-flex vcex-icon-box-wo-icon wpex-text-left vcex_69e03f2d88119\"><div class=\"vcex-icon-box-text wpex-flex-grow\"><h2 class=\"vcex-icon-box-heading wpex-heading wpex-mb-10\">Mejores restaurantes<\/h2><div class=\"vcex-icon-box-content wpex-last-mb-0 wpex-clr\"><p>Descubra las mejores experiencias gastron\u00f3micas con una selecci\u00f3n de restaurantes cuidadosamente seleccionados que se centran tanto en lo que hay en su vaso como en lo que hay en su plato.<\/p>\n<\/div><\/div><\/div><style>.vcex-icon-box.vcex_69e03f2d8937d .vcex-icon-box-heading{font-size:1.2em;}<\/style><div class=\"vcex-module vcex-icon-box vcex-icon-box-one wpex-flex vcex-icon-box-wo-icon wpex-text-left vcex_69e03f2d8937d\"><div class=\"vcex-icon-box-text wpex-flex-grow\"><h2 class=\"vcex-icon-box-heading wpex-heading wpex-mb-10\">Tendencias en bebidas<\/h2><div class=\"vcex-icon-box-content wpex-last-mb-0 wpex-clr\"><p>Pruebe algo nuevo y descubra lo que est\u00e1 de moda en este momento en el mundo del vino, las bebidas espirituosas y los c\u00f3cteles.<\/p>\n<\/div><\/div><\/div><style>.vcex-icon-box.vcex_69e03f2d8a620 .vcex-icon-box-heading{font-size:1.2em;}<\/style><div class=\"vcex-module vcex-icon-box vcex-icon-box-one wpex-flex vcex-icon-box-wo-icon wpex-text-left vcex_69e03f2d8a620\"><div class=\"vcex-icon-box-text wpex-flex-grow\"><h2 class=\"vcex-icon-box-heading wpex-heading wpex-mb-10\">Barras superiores<\/h2><div class=\"vcex-icon-box-content wpex-last-mb-0 wpex-clr\"><p>Descubre los mejores lugares para disfrutar de una copa con recomendaciones sobre los \u00faltimos brebajes de quienes trabajan all\u00ed.<\/p>\n<\/div><\/div><\/div><style>.vcex-icon-box.vcex_69e03f2d8b7a0 .vcex-icon-box-heading{font-size:1.2em;}<\/style><div class=\"vcex-module vcex-icon-box vcex-icon-box-one wpex-flex vcex-icon-box-wo-icon wpex-text-left vcex_69e03f2d8b7a0\"><div class=\"vcex-icon-box-text wpex-flex-grow\"><h2 class=\"vcex-icon-box-heading wpex-heading wpex-mb-10\">Viajar el mundo<\/h2><div class=\"vcex-icon-box-content wpex-last-mb-0 wpex-clr\"><p>Viaja por los vi\u00f1edos y las destiler\u00edas del mundo con nuestra gu\u00eda de los mejores productores de las mejores bebidas.<\/p>\n<\/div><\/div><\/div><\/div>[\/vc_column][\/vc_row][vc_row][vc_column]<div class=\"templatera_shortcode\"><style type=\"text\/css\" data-type=\"vc_shortcodes-custom-css\">.vc_custom_1680789841254{margin-bottom: 25px !important;padding-top: 10px !important;padding-bottom: 10px !important;background-color: #263f59 !important;border-radius: 25px !important;}.vc_custom_1681372922896{margin-bottom: 0px !important;}<\/style><div class=\"vc_row wpb_row vc_row-fluid wpex-relative no-bottom-margins\"><div class=\"wpb_column vc_column_container vc_col-sm-12\"><div class=\"vc_column-inner\"><div class=\"wpb_wrapper\"><div class=\"vc_row wpb_row vc_inner vc_row-fluid vc_custom_1680789841254 vc_row-o-content-middle vc_row-flex wpex-relative wpex-vc_row-has-fill wpex-vc-reset-negative-margin\"><div class=\"wpb_column vc_column_container vc_col-sm-12\"><div class=\"vc_column-inner\"><div class=\"wpb_wrapper\"><style>.vcex-heading.vcex_69e03f2d9206f{color:#ffffff;}<\/style><h2 class=\"vcex-heading vcex-heading-plain vcex-module wpex-heading wpex-text-2xl wpex-h2 wpex-mb-0 wpex-text-center vc_custom_1681372922896 vcex_69e03f2d9206f\"><span class=\"vcex-heading-inner wpex-inline-block\">Lo \u00faltimo de Sommelier Edit<\/span><\/h2><\/div><\/div><\/div><\/div><div id=\"se-news-filter\" class=\"wpex-post-cards wpex-post-cards-template_1197 wpex-relative\"  data-vcex-class=\"Wpex_Post_Cards_Shortcode\" data-vcex-atts=\"{&quot;card_style&quot;:&quot;template_1197&quot;,&quot;entry_count&quot;:0,&quot;featured_style&quot;:&quot;template_1238&quot;,&quot;grid_columns_responsive_settings&quot;:&quot;tl:3|tp:3|pl:2|pp:1&quot;,&quot;posts_per_page&quot;:&quot;3&quot;,&quot;running_count&quot;:3,&quot;unique_id&quot;:&quot;se-news-filter&quot;,&quot;nonce&quot;:&quot;ca2b8b716c&quot;}\" data-vcex-current-page=\"1\" aria-live=\"polite\" aria-relevant=\"additions removals\" data-vcex-max-pages=\"0\"><div class=\"wpex-post-cards-inner\"><div class=\"wpex-post-cards-loop wpex-post-cards-grid wpex-row wpex-clr\"><div class=\"wpex-post-cards-entry col col-1 span_1_of_3 span_1_of_3_tl span_1_of_3_tp span_1_of_2_pl span_1_of_1_pp post-14617 type-post cat-137 cat-135 cat-347 cat-264 post_tag-794 post_tag-793 post_tag-255 post_tag-795 post_tag-257 translation_priority-60\"><div class=\"wpex-card wpex-card-template_1197\"><style>.vc_custom_1744027430991{margin-right: 0px !important;margin-left: 0px !important;padding-right: 0px !important;padding-left: 0px !important;}.vc_custom_1744033572967{padding-top: 10px !important;padding-right: 10px !important;padding-bottom: 10px !important;padding-left: 10px !important;background-color: #678ca5 !important;border-radius: 20px !important;}.vc_custom_1744033679499{padding-right: 5px !important;padding-left: 5px !important;}<\/style><a href=\"https:\/\/main.sommelieredit.com\/es\/rethinking-rose-bias-blind-spots-and-better-tasting\/\" aria-label=\"Rethinking Ros\u00e9: Bias, Blind Spots and Better Tasting\" class=\"wpex-card-inner wpex-no-underline wpex-inherit-color\"><div class=\"vc_row wpb_row vc_row-fluid wpex-relative\"><div class=\"wpb_column vc_column_container vc_col-sm-12\"><div class=\"vc_column-inner wpex-shadow-none\"><div class=\"wpb_wrapper\"><style>.vcex-image.vcex_69e03f2da40b2 .vcex-image-img{border-radius:20px;}<\/style><figure class=\"vcex-image vcex-module top-border-radius-25 vcex_69e03f2da40b2\"><div class=\"vcex-image-inner wpex-relative wpex-inline-block vc_custom_1744027430991\"><img loading=\"lazy\" class=\"vcex-image-img wpex-align-middle\" decoding=\"async\" src=\"https:\/\/main.sommelieredit.com\/wp-content\/uploads\/2026\/04\/DSC01164_rs-600x400.jpg\" alt=\"\" srcset=\"https:\/\/main.sommelieredit.com\/wp-content\/uploads\/2026\/04\/DSC01164_rs-600x400.jpg 600w, https:\/\/main.sommelieredit.com\/wp-content\/uploads\/2026\/04\/DSC01164_rs-300x200.jpg 300w, https:\/\/main.sommelieredit.com\/wp-content\/uploads\/2026\/04\/DSC01164_rs.jpg 690w\" width=\"600\" height=\"400\"><\/div><\/figure><div class=\"vc_row wpb_row vc_inner vc_row-fluid vc_custom_1744033572967 wpex-relative wpex-vc_row-has-fill no-bottom-margins wpex-vc-reset-negative-margin\"><div class=\"wpb_column blog-card-mh-270 vc_column_container vc_col-sm-12\"><div class=\"vc_column-inner vc_custom_1744033679499\"><div class=\"wpb_wrapper\"><h3 class=\"vcex-heading vcex-heading-plain vcex-module wpex-heading wpex-text-2xl wpex-h3\"><span class=\"vcex-heading-inner wpex-inline-block\">Rethinking Ros\u00e9: Bias, Blind Spots and Better Tasting<\/span><\/h3><style>.vcex-post-excerpt.vcex_69e03f2daae3e{color:#ffffff;}<\/style><div class=\"vcex-post-excerpt vcex-module wpex-text-pretty wpex-last-mb-0 vcex_69e03f2daae3e\"><p>Whispering Angel can provoke debate amongst sommeliers. Bertrand L\u00e9on, winemaker&hellip;<\/p>\n<\/div><\/div><\/div><\/div><\/div><\/div><\/div><\/div><\/div><\/a><\/div><\/div><div class=\"wpex-post-cards-entry col col-2 span_1_of_3 span_1_of_3_tl span_1_of_3_tp span_1_of_2_pl span_1_of_1_pp post-14356 type-post cat-114 cat-531 cat-128 post_tag-791 post_tag-792 post_tag-790 translation_priority-60\"><div class=\"wpex-card wpex-card-template_1197\"><a href=\"https:\/\/main.sommelieredit.com\/es\/the-unstoppable-tara-ozols\/\" aria-label=\"The unstoppable Tara Ozols on her joyful approach to wine\" class=\"wpex-card-inner wpex-no-underline wpex-inherit-color\"><div class=\"vc_row wpb_row vc_row-fluid wpex-relative\"><div class=\"wpb_column vc_column_container vc_col-sm-12\"><div class=\"vc_column-inner wpex-shadow-none\"><div class=\"wpb_wrapper\"><style>.vcex-image.vcex_69e03f2dae8b6 .vcex-image-img{border-radius:20px;}<\/style><figure class=\"vcex-image vcex-module top-border-radius-25 vcex_69e03f2dae8b6\"><div class=\"vcex-image-inner wpex-relative wpex-inline-block vc_custom_1744027430991\"><img loading=\"lazy\" class=\"vcex-image-img wpex-align-middle\" decoding=\"async\" src=\"https:\/\/main.sommelieredit.com\/wp-content\/uploads\/2026\/04\/Tara-Ozols-1-resized-e1776070790401-600x389.jpg\" alt=\"\" width=\"600\" height=\"389\"><\/div><\/figure><div class=\"vc_row wpb_row vc_inner vc_row-fluid vc_custom_1744033572967 wpex-relative wpex-vc_row-has-fill no-bottom-margins wpex-vc-reset-negative-margin\"><div class=\"wpb_column blog-card-mh-270 vc_column_container vc_col-sm-12\"><div class=\"vc_column-inner vc_custom_1744033679499\"><div class=\"wpb_wrapper\"><h3 class=\"vcex-heading vcex-heading-plain vcex-module wpex-heading wpex-text-2xl wpex-h3\"><span class=\"vcex-heading-inner wpex-inline-block\">The unstoppable Tara Ozols on her joyful approach to wine<\/span><\/h3><style>.vcex-post-excerpt.vcex_69e03f2db1e59{color:#ffffff;}<\/style><div class=\"vcex-post-excerpt vcex-module wpex-text-pretty wpex-last-mb-0 vcex_69e03f2db1e59\"><p>When Tara Ozols moved to London from New York City&hellip;<\/p>\n<\/div><\/div><\/div><\/div><\/div><\/div><\/div><\/div><\/div><\/a><\/div><\/div><div class=\"wpex-post-cards-entry col col-3 span_1_of_3 span_1_of_3_tl span_1_of_3_tp span_1_of_2_pl span_1_of_1_pp post-14374 type-post cat-140 cat-1 cat-342 cat-135 post_tag-37 post_tag-788 post_tag-789 post_tag-316 translation_priority-60\"><div class=\"wpex-card wpex-card-template_1197\"><a href=\"https:\/\/main.sommelieredit.com\/es\/suntory-dojo-2026\/\" aria-label=\"Applications Open: Suntory DOJO 2026\" class=\"wpex-card-inner wpex-no-underline wpex-inherit-color\"><div class=\"vc_row wpb_row vc_row-fluid wpex-relative\"><div class=\"wpb_column vc_column_container vc_col-sm-12\"><div class=\"vc_column-inner wpex-shadow-none\"><div class=\"wpb_wrapper\"><style>.vcex-image.vcex_69e03f2db554a .vcex-image-img{border-radius:20px;}<\/style><figure class=\"vcex-image vcex-module top-border-radius-25 vcex_69e03f2db554a\"><div class=\"vcex-image-inner wpex-relative wpex-inline-block vc_custom_1744027430991\"><img loading=\"lazy\" class=\"vcex-image-img wpex-align-middle\" decoding=\"async\" src=\"https:\/\/main.sommelieredit.com\/wp-content\/uploads\/2026\/04\/DSC04112-2-600x400.jpg\" alt=\"\" srcset=\"https:\/\/main.sommelieredit.com\/wp-content\/uploads\/2026\/04\/DSC04112-2-600x400.jpg 600w, https:\/\/main.sommelieredit.com\/wp-content\/uploads\/2026\/04\/DSC04112-2-300x200.jpg 300w, https:\/\/main.sommelieredit.com\/wp-content\/uploads\/2026\/04\/DSC04112-2-768x512.jpg 768w, https:\/\/main.sommelieredit.com\/wp-content\/uploads\/2026\/04\/DSC04112-2.jpg 980w\" width=\"600\" height=\"400\"><\/div><\/figure><div class=\"vc_row wpb_row vc_inner vc_row-fluid vc_custom_1744033572967 wpex-relative wpex-vc_row-has-fill no-bottom-margins wpex-vc-reset-negative-margin\"><div class=\"wpb_column blog-card-mh-270 vc_column_container vc_col-sm-12\"><div class=\"vc_column-inner vc_custom_1744033679499\"><div class=\"wpb_wrapper\"><h3 class=\"vcex-heading vcex-heading-plain vcex-module wpex-heading wpex-text-2xl wpex-h3\"><span class=\"vcex-heading-inner wpex-inline-block\">Applications Open: Suntory DOJO 2026<\/span><\/h3><style>.vcex-post-excerpt.vcex_69e03f2db8acf{color:#ffffff;}<\/style><div class=\"vcex-post-excerpt vcex-module wpex-text-pretty wpex-last-mb-0 vcex_69e03f2db8acf\"><p>UK bartenders invited into the Art of Japanese Craft House&hellip;<\/p>\n<\/div><\/div><\/div><\/div><\/div><\/div><\/div><\/div><\/div><\/a><\/div><\/div><\/div><\/div><div class=\"vcex-ajax-loader wpex-hidden wpex-absolute wpex-inset-0 wpex-items-center wpex-justify-center\"><span class=\"vcex-ajax-loader__overlay wpex-absolute wpex-inset-0 wpex-surface-1 wpex-opacity-60 wpex-z-10\"><\/span><div class=\"vcex-ajax-loader__icon wpex-relative wpex-z-20\"><svg height=\"30\" width=\"30\" class=\"wpex-animate-spin wpex-opacity-5\" xmlns=\"http:\/\/www.w3.org\/2000\/svg\" viewBox=\"0 0 16 16\" fill=\"currentColor\"><path fill-rule=\"evenodd\" d=\"M8 3a5 5 0 1 0 4.546 2.914.5.5 0 0 1 .908-.417A6 6 0 1 1 8 2z\"\/><path d=\"M8 4.466V.534a.25.25 0 0 1 .41-.192l2.36 1.966c.12.1.12.284 0 .384L8.41 4.658A.25.25 0 0 1 8 4.466\"\/><\/svg><\/div><\/div><\/div><\/div><\/div><\/div><\/div><\/div>[\/vc_column][\/vc_row]\n<\/div>","protected":false},"excerpt":{"rendered":"UK bartenders invited into the Art of Japanese Craft House of Suntory, the founding house of Japanese Whisky, has opened applications for its 2026 Suntory DOJO programme. Twenty bartenders from&hellip;","protected":false},"author":1,"featured_media":0,"parent":0,"menu_order":0,"comment_status":"closed","ping_status":"open","template":"","meta":{"_acf_changed":false,"footnotes":""},"class_list":["post-1913","page","type-page","status-publish","hentry","entry","has-media"],"acf":[],"yoast_head":"<!-- This site is optimized with the Yoast SEO plugin v27.4 - https:\/\/yoast.com\/product\/yoast-seo-wordpress\/ -->\n<title>Principal | Sommelier Edit<\/title>\n<meta name=\"robots\" content=\"index, follow, max-snippet:-1, max-image-preview:large, max-video-preview:-1\" \/>\n<link rel=\"canonical\" href=\"https:\/\/main.sommelieredit.com\/es\/principal\/\" \/>\n<meta property=\"og:locale\" content=\"es_ES\" \/>\n<meta property=\"og:type\" content=\"article\" \/>\n<meta property=\"og:title\" content=\"Principal | Sommelier Edit\" \/>\n<meta property=\"og:url\" content=\"https:\/\/main.sommelieredit.com\/es\/principal\/\" \/>\n<meta property=\"og:site_name\" content=\"Sommelier Edit\" \/>\n<meta property=\"article:publisher\" content=\"https:\/\/www.facebook.com\/sommelieredit\/\" \/>\n<meta property=\"article:modified_time\" content=\"2023-04-14T12:32:22+00:00\" \/>\n<meta property=\"og:image\" content=\"https:\/\/main.sommelieredit.com\/wp-content\/uploads\/2022\/12\/sommelier-edit-logo-og.png\" \/>\n\t<meta property=\"og:image:width\" content=\"1200\" \/>\n\t<meta property=\"og:image:height\" content=\"630\" \/>\n\t<meta property=\"og:image:type\" content=\"image\/png\" \/>\n<meta name=\"twitter:card\" content=\"summary_large_image\" \/>\n<meta name=\"twitter:site\" content=\"@SommelierEdit\" \/>\n<meta name=\"twitter:label1\" content=\"Tiempo de lectura\" \/>\n\t<meta name=\"twitter:data1\" content=\"1 minuto\" \/>\n<script type=\"application\/ld+json\" class=\"yoast-schema-graph\">{\"@context\":\"https:\\\/\\\/schema.org\",\"@graph\":[{\"@type\":\"WebPage\",\"@id\":\"https:\\\/\\\/main.sommelieredit.com\\\/es\\\/principal\\\/\",\"url\":\"https:\\\/\\\/main.sommelieredit.com\\\/es\\\/principal\\\/\",\"name\":\"Principal | Sommelier Edit\",\"isPartOf\":{\"@id\":\"https:\\\/\\\/main.sommelieredit.com\\\/es\\\/#website\"},\"datePublished\":\"2022-12-12T14:08:12+00:00\",\"dateModified\":\"2023-04-14T12:32:22+00:00\",\"breadcrumb\":{\"@id\":\"https:\\\/\\\/main.sommelieredit.com\\\/es\\\/principal\\\/#breadcrumb\"},\"inLanguage\":\"es\",\"potentialAction\":[{\"@type\":\"ReadAction\",\"target\":[\"https:\\\/\\\/main.sommelieredit.com\\\/es\\\/principal\\\/\"]}]},{\"@type\":\"BreadcrumbList\",\"@id\":\"https:\\\/\\\/main.sommelieredit.com\\\/es\\\/principal\\\/#breadcrumb\",\"itemListElement\":[{\"@type\":\"ListItem\",\"position\":1,\"name\":\"Home\",\"item\":\"https:\\\/\\\/main.sommelieredit.com\\\/es\\\/\"},{\"@type\":\"ListItem\",\"position\":2,\"name\":\"Principal\"}]},{\"@type\":\"WebSite\",\"@id\":\"https:\\\/\\\/main.sommelieredit.com\\\/es\\\/#website\",\"url\":\"https:\\\/\\\/main.sommelieredit.com\\\/es\\\/\",\"name\":\"Sommelier Edit\",\"description\":\"\",\"publisher\":{\"@id\":\"https:\\\/\\\/main.sommelieredit.com\\\/es\\\/#organization\"},\"potentialAction\":[{\"@type\":\"SearchAction\",\"target\":{\"@type\":\"EntryPoint\",\"urlTemplate\":\"https:\\\/\\\/main.sommelieredit.com\\\/es\\\/?s={search_term_string}\"},\"query-input\":{\"@type\":\"PropertyValueSpecification\",\"valueRequired\":true,\"valueName\":\"search_term_string\"}}],\"inLanguage\":\"es\"},{\"@type\":\"Organization\",\"@id\":\"https:\\\/\\\/main.sommelieredit.com\\\/es\\\/#organization\",\"name\":\"Sommelier Edit\",\"url\":\"https:\\\/\\\/main.sommelieredit.com\\\/es\\\/\",\"logo\":{\"@type\":\"ImageObject\",\"inLanguage\":\"es\",\"@id\":\"https:\\\/\\\/main.sommelieredit.com\\\/es\\\/#\\\/schema\\\/logo\\\/image\\\/\",\"url\":\"https:\\\/\\\/main.sommelieredit.com\\\/wp-content\\\/uploads\\\/2022\\\/12\\\/sommelier-edit-logo-og.png\",\"contentUrl\":\"https:\\\/\\\/main.sommelieredit.com\\\/wp-content\\\/uploads\\\/2022\\\/12\\\/sommelier-edit-logo-og.png\",\"width\":1200,\"height\":630,\"caption\":\"Sommelier Edit\"},\"image\":{\"@id\":\"https:\\\/\\\/main.sommelieredit.com\\\/es\\\/#\\\/schema\\\/logo\\\/image\\\/\"},\"sameAs\":[\"https:\\\/\\\/www.facebook.com\\\/sommelieredit\\\/\",\"https:\\\/\\\/x.com\\\/SommelierEdit\",\"https:\\\/\\\/www.instagram.com\\\/sommelieredit\\\/\",\"https:\\\/\\\/www.linkedin.com\\\/company\\\/sommelier-edit\\\/\",\"https:\\\/\\\/vimeo.com\\\/sommelieredit\"]}]}<\/script>\n<!-- \/ Yoast SEO plugin. -->","yoast_head_json":{"title":"Principal | Sommelier Edit","robots":{"index":"index","follow":"follow","max-snippet":"max-snippet:-1","max-image-preview":"max-image-preview:large","max-video-preview":"max-video-preview:-1"},"canonical":"https:\/\/main.sommelieredit.com\/es\/principal\/","og_locale":"es_ES","og_type":"article","og_title":"Principal | Sommelier Edit","og_url":"https:\/\/main.sommelieredit.com\/es\/principal\/","og_site_name":"Sommelier Edit","article_publisher":"https:\/\/www.facebook.com\/sommelieredit\/","article_modified_time":"2023-04-14T12:32:22+00:00","og_image":[{"width":1200,"height":630,"url":"https:\/\/main.sommelieredit.com\/wp-content\/uploads\/2022\/12\/sommelier-edit-logo-og.png","type":"image\/png"}],"twitter_card":"summary_large_image","twitter_site":"@SommelierEdit","twitter_misc":{"Tiempo de lectura":"1 minuto"},"schema":{"@context":"https:\/\/schema.org","@graph":[{"@type":"WebPage","@id":"https:\/\/main.sommelieredit.com\/es\/principal\/","url":"https:\/\/main.sommelieredit.com\/es\/principal\/","name":"Principal | Sommelier Edit","isPartOf":{"@id":"https:\/\/main.sommelieredit.com\/es\/#website"},"datePublished":"2022-12-12T14:08:12+00:00","dateModified":"2023-04-14T12:32:22+00:00","breadcrumb":{"@id":"https:\/\/main.sommelieredit.com\/es\/principal\/#breadcrumb"},"inLanguage":"es","potentialAction":[{"@type":"ReadAction","target":["https:\/\/main.sommelieredit.com\/es\/principal\/"]}]},{"@type":"BreadcrumbList","@id":"https:\/\/main.sommelieredit.com\/es\/principal\/#breadcrumb","itemListElement":[{"@type":"ListItem","position":1,"name":"Home","item":"https:\/\/main.sommelieredit.com\/es\/"},{"@type":"ListItem","position":2,"name":"Principal"}]},{"@type":"WebSite","@id":"https:\/\/main.sommelieredit.com\/es\/#website","url":"https:\/\/main.sommelieredit.com\/es\/","name":"Sommelier Edit","description":"","publisher":{"@id":"https:\/\/main.sommelieredit.com\/es\/#organization"},"potentialAction":[{"@type":"SearchAction","target":{"@type":"EntryPoint","urlTemplate":"https:\/\/main.sommelieredit.com\/es\/?s={search_term_string}"},"query-input":{"@type":"PropertyValueSpecification","valueRequired":true,"valueName":"search_term_string"}}],"inLanguage":"es"},{"@type":"Organization","@id":"https:\/\/main.sommelieredit.com\/es\/#organization","name":"Sommelier Edit","url":"https:\/\/main.sommelieredit.com\/es\/","logo":{"@type":"ImageObject","inLanguage":"es","@id":"https:\/\/main.sommelieredit.com\/es\/#\/schema\/logo\/image\/","url":"https:\/\/main.sommelieredit.com\/wp-content\/uploads\/2022\/12\/sommelier-edit-logo-og.png","contentUrl":"https:\/\/main.sommelieredit.com\/wp-content\/uploads\/2022\/12\/sommelier-edit-logo-og.png","width":1200,"height":630,"caption":"Sommelier Edit"},"image":{"@id":"https:\/\/main.sommelieredit.com\/es\/#\/schema\/logo\/image\/"},"sameAs":["https:\/\/www.facebook.com\/sommelieredit\/","https:\/\/x.com\/SommelierEdit","https:\/\/www.instagram.com\/sommelieredit\/","https:\/\/www.linkedin.com\/company\/sommelier-edit\/","https:\/\/vimeo.com\/sommelieredit"]}]}},"_links":{"self":[{"href":"https:\/\/main.sommelieredit.com\/es\/wp-json\/wp\/v2\/pages\/1913","targetHints":{"allow":["GET"]}}],"collection":[{"href":"https:\/\/main.sommelieredit.com\/es\/wp-json\/wp\/v2\/pages"}],"about":[{"href":"https:\/\/main.sommelieredit.com\/es\/wp-json\/wp\/v2\/types\/page"}],"author":[{"embeddable":true,"href":"https:\/\/main.sommelieredit.com\/es\/wp-json\/wp\/v2\/users\/1"}],"replies":[{"embeddable":true,"href":"https:\/\/main.sommelieredit.com\/es\/wp-json\/wp\/v2\/comments?post=1913"}],"version-history":[{"count":6,"href":"https:\/\/main.sommelieredit.com\/es\/wp-json\/wp\/v2\/pages\/1913\/revisions"}],"predecessor-version":[{"id":1919,"href":"https:\/\/main.sommelieredit.com\/es\/wp-json\/wp\/v2\/pages\/1913\/revisions\/1919"}],"wp:attachment":[{"href":"https:\/\/main.sommelieredit.com\/es\/wp-json\/wp\/v2\/media?parent=1913"}],"curies":[{"name":"wp","href":"https:\/\/api.w.org\/{rel}","templated":true}]}}