{"id":4087,"date":"2024-04-25T14:50:23","date_gmt":"2024-04-25T13:50:23","guid":{"rendered":"https:\/\/main.sommelieredit.com\/?page_id=4087"},"modified":"2025-05-13T13:31:07","modified_gmt":"2025-05-13T12:31:07","slug":"juve-camps","status":"publish","type":"page","link":"https:\/\/main.sommelieredit.com\/es\/patroncinadores\/juve-camps\/","title":{"rendered":"Juv\u00e9 &#038; Camps"},"content":{"rendered":"<div class=\"wpb-content-wrapper\">[vc_row][vc_column][vc_single_image image=&#8221;7762&#8243;][vc_empty_space height=&#8221;22px&#8221;][vc_column_text]\n<h2 style=\"text-align: center;\"><strong>BODEGAS JUV\u00c9 &amp; CAMPS, PATROCINADORA OFICIAL DE LA<\/strong>\u00a0<strong>I EDICI\u00d3N DE LOS TOP 100 SOMELIERS EN ESPA\u00d1A<\/strong><\/h2>\n<h3 style=\"text-align: center;\"><strong><a href=\"https:\/\/www.juveycamps.com\/en\/\">Juv\u00e9 &amp; Camps<\/a> refuerza su compromiso con la sumiller\u00eda con el apoyo de la <\/strong><strong>I Edici\u00f3n de los TOP 100 SOMMELIERS celebrada por primera vez en nuestro pa\u00eds.<\/strong><\/h3>\n<p><strong>Estrechamente vinculada a la gastronom\u00eda desde sus inicios hace m\u00e1s de cien a\u00f1os, la Casa apuesta por poner en valor la figura del sumiller, tan necesaria para ambos sectores.<\/strong><\/p>\n<p><em>25 de abril de 2024, Sant Sadurn\u00ed d\u2019Anoia<\/em> \u2013<\/p>\n<p>Juv\u00e9 &amp; Camps, bodega familiar con m\u00e1s de 200 a\u00f1os de legado vit\u00edcola y m\u00e1s de un siglo elaborando vinos espumosos de largas crianzas se enorgullece en anunciar que ser\u00e1 el patrocinador oficial de la I Edici\u00f3n de los Top 100 Sommeliers Espa\u00f1a 2024, celebrada por primera vez en nuestro pa\u00eds, aunque con una reconocida trayectoria en Reino Unido, cuyo fin es poner en valor la figura del sumiller, destacando su importancia tanto para el sector vin\u00edcola como para el gastron\u00f3mico, y en pro de su mutuo enriquecimiento.<\/p>\n<p>La bodega da un paso m\u00e1s para reforzar su apoyo y compromiso con esta profesi\u00f3n que, adem\u00e1s, reconoce como necesaria para difundir la cultura vitivin\u00edcola y vincularla a la riqueza gastron\u00f3mica tanto de nuestro pa\u00eds como del resto del mundo.<\/p>\n<blockquote><p>Meritxell Juv\u00e9, 4\u00aa Generaci\u00f3n Familiar &amp; CEO, afirma que <em>\u201ces un inmenso honor para nuestra Casa, Juv\u00e9 &amp; Camps, poder patrocinar esta primera edici\u00f3n del Top 100 Sumilleres de Espa\u00f1a, mostrando as\u00ed nuestro absoluto apoyo y agradecimiento por el enorme trabajo que realizan para resaltar todo lo que hay detr\u00e1s de cada botella. Nuestros vinos espumosos tienen una crianza prolongada, de hasta 108 meses, por lo que su estilo es altamente gastron\u00f3mico. Esto ha hecho que nuestros v\u00ednculos con la sumiller\u00eda siempre hayan sido muy estrechos y necesarios. Sin ellos ser\u00eda a\u00fan m\u00e1s complicado explicar la enorme versatilidad de nuestros vinos.\u201d<\/em><\/p><\/blockquote>\n<p><img loading=\"lazy\" decoding=\"async\" class=\"size-full wp-image-4104 aligncenter\" src=\"https:\/\/main.sommelieredit.com\/wp-content\/uploads\/2024\/04\/Meritxell-Sr.-Juve.jpg\" alt=\"\" width=\"980\" height=\"653\" srcset=\"https:\/\/main.sommelieredit.com\/wp-content\/uploads\/2024\/04\/Meritxell-Sr.-Juve.jpg 980w, https:\/\/main.sommelieredit.com\/wp-content\/uploads\/2024\/04\/Meritxell-Sr.-Juve-300x200.jpg 300w, https:\/\/main.sommelieredit.com\/wp-content\/uploads\/2024\/04\/Meritxell-Sr.-Juve-768x512.jpg 768w\" sizes=\"auto, (max-width: 980px) 100vw, 980px\" \/><\/p>\n<p>Las habilidades del sumiller son esenciales en una experiencia gastron\u00f3mica, motivo por el cual esta clasificaci\u00f3n valora m\u00e1s all\u00e1 del perfil de cada participante o la extensi\u00f3n de su carta de vinos. Las dotes comunicativas, la empat\u00eda, la pericia o la capacidad de seducci\u00f3n y persuasi\u00f3n son tambi\u00e9n imprescindibles en la labor de este profesional y, por ello, el certamen tiene a su vez en cuenta una combinaci\u00f3n de factores como las responsabilidades, la veteran\u00eda o los galardones obtenidos por cada uno de los participantes.<\/p>\n<p>Top 100 Sommeliers es la lista definitiva de profesionales del sector del vino y la hosteler\u00eda que cuenta con m\u00e1s de 40 a\u00f1os de experiencia y re\u00fane a los m\u00e1s brillantes expertos para seleccionar a los 100 mejores sumilleres. El evento, que celebr\u00f3 su \u00faltima edici\u00f3n en mayo de 2023 en el Reino Unido, decidi\u00f3 asociarse, tras su \u00e9xito y popularidad, con el conocido sumiller espa\u00f1ol Agust\u00edn Trapero para llevar la iniciativa a Espa\u00f1a.<\/p>\n<p>Un panel de jueces formado por grandes expertos de renombre en el sector, los Master of Wine Pedro Ballesteros, Andreas Kuback y Almudena Alberca, as\u00ed como la proclamada Mejor Sumiller del Mundo 2023, Valeria Gamper, y el propio Agust\u00edn Trapero, aportar\u00e1n su experiencia para valorar a cada participante buscando los m\u00e1s altos est\u00e1ndares de calidad. Un sistema meritocr\u00e1tico que seleccionar\u00e1 a los 100 mejores sumilleres evaluando en profundidad sus conocimientos y profesionalidad. Los resultados se anunciar\u00e1n en mayo de 2024.<\/p>\n<div id=\"gallery-1\" class=\"wpex-gallery wpex-grid wpex-grid-cols-4 wpex-gap-20 wpex-lightbox-group\"><figure class=\"gallery-item\"><a href=\"https:\/\/main.sommelieredit.com\/wp-content\/uploads\/2024\/04\/Juve-Camps-Casa-Vella-.jpg\" class=\"wpex-lightbox-group-item\"><img loading=\"lazy\" decoding=\"async\" src=\"https:\/\/main.sommelieredit.com\/wp-content\/uploads\/2024\/04\/Juve-Camps-Casa-Vella--300x200.jpg\" alt=\"\" srcset=\"https:\/\/main.sommelieredit.com\/wp-content\/uploads\/2024\/04\/Juve-Camps-Casa-Vella--300x200.jpg 300w, https:\/\/main.sommelieredit.com\/wp-content\/uploads\/2024\/04\/Juve-Camps-Casa-Vella--768x513.jpg 768w, https:\/\/main.sommelieredit.com\/wp-content\/uploads\/2024\/04\/Juve-Camps-Casa-Vella-.jpg 980w\" width=\"300\" height=\"200\"><\/a><\/figure><figure class=\"gallery-item\"><a href=\"https:\/\/main.sommelieredit.com\/wp-content\/uploads\/2024\/04\/Juve-Camps-Vendimia-Manual-5.jpg\" class=\"wpex-lightbox-group-item\"><img loading=\"lazy\" decoding=\"async\" src=\"https:\/\/main.sommelieredit.com\/wp-content\/uploads\/2024\/04\/Juve-Camps-Vendimia-Manual-5-300x200.jpg\" alt=\"\" srcset=\"https:\/\/main.sommelieredit.com\/wp-content\/uploads\/2024\/04\/Juve-Camps-Vendimia-Manual-5-300x200.jpg 300w, https:\/\/main.sommelieredit.com\/wp-content\/uploads\/2024\/04\/Juve-Camps-Vendimia-Manual-5-768x513.jpg 768w, https:\/\/main.sommelieredit.com\/wp-content\/uploads\/2024\/04\/Juve-Camps-Vendimia-Manual-5.jpg 980w\" width=\"300\" height=\"200\"><\/a><\/figure><figure class=\"gallery-item\"><a href=\"https:\/\/main.sommelieredit.com\/wp-content\/uploads\/2024\/04\/Juve-Camps-Largas-Crianzas-en-Cava-5-copia.jpg\" class=\"wpex-lightbox-group-item\"><img loading=\"lazy\" decoding=\"async\" src=\"https:\/\/main.sommelieredit.com\/wp-content\/uploads\/2024\/04\/Juve-Camps-Largas-Crianzas-en-Cava-5-copia-300x200.jpg\" alt=\"\" srcset=\"https:\/\/main.sommelieredit.com\/wp-content\/uploads\/2024\/04\/Juve-Camps-Largas-Crianzas-en-Cava-5-copia-300x200.jpg 300w, https:\/\/main.sommelieredit.com\/wp-content\/uploads\/2024\/04\/Juve-Camps-Largas-Crianzas-en-Cava-5-copia-768x512.jpg 768w, https:\/\/main.sommelieredit.com\/wp-content\/uploads\/2024\/04\/Juve-Camps-Largas-Crianzas-en-Cava-5-copia.jpg 980w\" width=\"300\" height=\"200\"><\/a><\/figure><figure class=\"gallery-item\"><a href=\"https:\/\/main.sommelieredit.com\/wp-content\/uploads\/2024\/04\/Gran-Juve-GR.jpg\" class=\"wpex-lightbox-group-item\"><img loading=\"lazy\" decoding=\"async\" src=\"https:\/\/main.sommelieredit.com\/wp-content\/uploads\/2024\/04\/Gran-Juve-GR-300x221.jpg\" alt=\"\" srcset=\"https:\/\/main.sommelieredit.com\/wp-content\/uploads\/2024\/04\/Gran-Juve-GR-300x221.jpg 300w, https:\/\/main.sommelieredit.com\/wp-content\/uploads\/2024\/04\/Gran-Juve-GR-768x565.jpg 768w, https:\/\/main.sommelieredit.com\/wp-content\/uploads\/2024\/04\/Gran-Juve-GR.jpg 980w\" width=\"300\" height=\"221\"><\/a><\/figure><\/div>\n\n[\/vc_column_text][\/vc_column][\/vc_row][vc_row][vc_column]<div class=\"theme-button-wrap textcenter wpex-clr\"><a href=\"https:\/\/www.juveycamps.com\/en\/\" class=\"vcex-button theme-button align-center inline\"><span class=\"vcex-button-inner theme-button-inner wpex-flex wpex-flex-wrap wpex-items-center wpex-justify-center\">Descubrir m\u00e1s<\/span><\/a><\/div> [\/vc_column][\/vc_row]\n<\/div>","protected":false},"excerpt":{"rendered":"<p>[vc_row][vc_column][vc_single_image image=&#8221;7762&#8243;][vc_empty_space height=&#8221;22px&#8221;][vc_column_text] BODEGAS JUV\u00c9 &amp; CAMPS, PATROCINADORA OFICIAL DE LA\u00a0I EDICI\u00d3N DE LOS TOP 100 SOMELIERS EN ESPA\u00d1A Juv\u00e9 &amp; Camps refuerza su compromiso con la sumiller\u00eda con el&hellip;<\/p>\n","protected":false},"author":17,"featured_media":0,"parent":4046,"menu_order":0,"comment_status":"closed","ping_status":"closed","template":"","meta":{"_acf_changed":false,"footnotes":""},"class_list":["post-4087","page","type-page","status-publish","hentry","entry","no-media"],"acf":[],"yoast_head":"<!-- This site is optimized with the Yoast SEO plugin v27.4 - https:\/\/yoast.com\/product\/yoast-seo-wordpress\/ -->\n<title>Juv\u00e9 &amp; Camps | Sommelier Edit<\/title>\n<meta name=\"robots\" content=\"noindex, follow, max-snippet:-1, max-image-preview:large, max-video-preview:-1\" \/>\n<meta property=\"og:locale\" content=\"es_ES\" \/>\n<meta property=\"og:type\" content=\"article\" \/>\n<meta property=\"og:title\" content=\"Juv\u00e9 &amp; Camps | Sommelier Edit\" \/>\n<meta property=\"og:description\" content=\"[vc_row][vc_column][vc_single_image image=&#8221;7762&#8243;][vc_empty_space height=&#8221;22px&#8221;][vc_column_text] BODEGAS JUV\u00c9 &amp; CAMPS, PATROCINADORA OFICIAL DE LA\u00a0I EDICI\u00d3N DE LOS TOP 100 SOMELIERS EN ESPA\u00d1A Juv\u00e9 &amp; Camps refuerza su compromiso con la sumiller\u00eda con el&hellip;\" \/>\n<meta property=\"og:url\" content=\"https:\/\/main.sommelieredit.com\/es\/patroncinadores\/juve-camps\/\" \/>\n<meta property=\"og:site_name\" content=\"Sommelier Edit\" \/>\n<meta property=\"article:publisher\" content=\"https:\/\/www.facebook.com\/sommelieredit\/\" \/>\n<meta property=\"article:modified_time\" content=\"2025-05-13T12:31:07+00:00\" \/>\n<meta property=\"og:image\" content=\"https:\/\/main.sommelieredit.com\/wp-content\/uploads\/2024\/04\/Juve-Camps-Casa-Vella--300x200.jpg\" \/>\n<meta name=\"twitter:card\" content=\"summary_large_image\" \/>\n<meta name=\"twitter:site\" content=\"@SommelierEdit\" \/>\n<meta name=\"twitter:label1\" content=\"Tiempo de lectura\" \/>\n\t<meta name=\"twitter:data1\" content=\"3 minutos\" \/>\n<script type=\"application\/ld+json\" class=\"yoast-schema-graph\">{\"@context\":\"https:\\\/\\\/schema.org\",\"@graph\":[{\"@type\":\"WebPage\",\"@id\":\"https:\\\/\\\/main.sommelieredit.com\\\/es\\\/patroncinadores\\\/juve-camps\\\/\",\"url\":\"https:\\\/\\\/main.sommelieredit.com\\\/es\\\/patroncinadores\\\/juve-camps\\\/\",\"name\":\"Juv\u00e9 & Camps | Sommelier Edit\",\"isPartOf\":{\"@id\":\"https:\\\/\\\/main.sommelieredit.com\\\/es\\\/#website\"},\"primaryImageOfPage\":{\"@id\":\"https:\\\/\\\/main.sommelieredit.com\\\/es\\\/patroncinadores\\\/juve-camps\\\/#primaryimage\"},\"image\":{\"@id\":\"https:\\\/\\\/main.sommelieredit.com\\\/es\\\/patroncinadores\\\/juve-camps\\\/#primaryimage\"},\"thumbnailUrl\":\"https:\\\/\\\/main.sommelieredit.com\\\/wp-content\\\/uploads\\\/2024\\\/04\\\/Meritxell-Sr.-Juve.jpg\",\"datePublished\":\"2024-04-25T13:50:23+00:00\",\"dateModified\":\"2025-05-13T12:31:07+00:00\",\"breadcrumb\":{\"@id\":\"https:\\\/\\\/main.sommelieredit.com\\\/es\\\/patroncinadores\\\/juve-camps\\\/#breadcrumb\"},\"inLanguage\":\"es\",\"potentialAction\":[{\"@type\":\"ReadAction\",\"target\":[\"https:\\\/\\\/main.sommelieredit.com\\\/es\\\/patroncinadores\\\/juve-camps\\\/\"]}]},{\"@type\":\"ImageObject\",\"inLanguage\":\"es\",\"@id\":\"https:\\\/\\\/main.sommelieredit.com\\\/es\\\/patroncinadores\\\/juve-camps\\\/#primaryimage\",\"url\":\"https:\\\/\\\/main.sommelieredit.com\\\/wp-content\\\/uploads\\\/2024\\\/04\\\/Meritxell-Sr.-Juve.jpg\",\"contentUrl\":\"https:\\\/\\\/main.sommelieredit.com\\\/wp-content\\\/uploads\\\/2024\\\/04\\\/Meritxell-Sr.-Juve.jpg\"},{\"@type\":\"BreadcrumbList\",\"@id\":\"https:\\\/\\\/main.sommelieredit.com\\\/es\\\/patroncinadores\\\/juve-camps\\\/#breadcrumb\",\"itemListElement\":[{\"@type\":\"ListItem\",\"position\":1,\"name\":\"Home\",\"item\":\"https:\\\/\\\/main.sommelieredit.com\\\/es\\\/\"},{\"@type\":\"ListItem\",\"position\":2,\"name\":\"Patroncinadores\",\"item\":\"https:\\\/\\\/main.sommelieredit.com\\\/es\\\/patroncinadores\\\/\"},{\"@type\":\"ListItem\",\"position\":3,\"name\":\"Juv\u00e9 &#038; Camps\"}]},{\"@type\":\"WebSite\",\"@id\":\"https:\\\/\\\/main.sommelieredit.com\\\/es\\\/#website\",\"url\":\"https:\\\/\\\/main.sommelieredit.com\\\/es\\\/\",\"name\":\"Sommelier Edit\",\"description\":\"\",\"publisher\":{\"@id\":\"https:\\\/\\\/main.sommelieredit.com\\\/es\\\/#organization\"},\"potentialAction\":[{\"@type\":\"SearchAction\",\"target\":{\"@type\":\"EntryPoint\",\"urlTemplate\":\"https:\\\/\\\/main.sommelieredit.com\\\/es\\\/?s={search_term_string}\"},\"query-input\":{\"@type\":\"PropertyValueSpecification\",\"valueRequired\":true,\"valueName\":\"search_term_string\"}}],\"inLanguage\":\"es\"},{\"@type\":\"Organization\",\"@id\":\"https:\\\/\\\/main.sommelieredit.com\\\/es\\\/#organization\",\"name\":\"Sommelier Edit\",\"url\":\"https:\\\/\\\/main.sommelieredit.com\\\/es\\\/\",\"logo\":{\"@type\":\"ImageObject\",\"inLanguage\":\"es\",\"@id\":\"https:\\\/\\\/main.sommelieredit.com\\\/es\\\/#\\\/schema\\\/logo\\\/image\\\/\",\"url\":\"https:\\\/\\\/main.sommelieredit.com\\\/wp-content\\\/uploads\\\/2022\\\/12\\\/sommelier-edit-logo-og.png\",\"contentUrl\":\"https:\\\/\\\/main.sommelieredit.com\\\/wp-content\\\/uploads\\\/2022\\\/12\\\/sommelier-edit-logo-og.png\",\"width\":1200,\"height\":630,\"caption\":\"Sommelier Edit\"},\"image\":{\"@id\":\"https:\\\/\\\/main.sommelieredit.com\\\/es\\\/#\\\/schema\\\/logo\\\/image\\\/\"},\"sameAs\":[\"https:\\\/\\\/www.facebook.com\\\/sommelieredit\\\/\",\"https:\\\/\\\/x.com\\\/SommelierEdit\",\"https:\\\/\\\/www.instagram.com\\\/sommelieredit\\\/\",\"https:\\\/\\\/www.linkedin.com\\\/company\\\/sommelier-edit\\\/\",\"https:\\\/\\\/vimeo.com\\\/sommelieredit\"]}]}<\/script>\n<!-- \/ Yoast SEO plugin. -->","yoast_head_json":{"title":"Juv\u00e9 & Camps | Sommelier Edit","robots":{"index":"noindex","follow":"follow","max-snippet":"max-snippet:-1","max-image-preview":"max-image-preview:large","max-video-preview":"max-video-preview:-1"},"og_locale":"es_ES","og_type":"article","og_title":"Juv\u00e9 & Camps | Sommelier Edit","og_description":"[vc_row][vc_column][vc_single_image image=&#8221;7762&#8243;][vc_empty_space height=&#8221;22px&#8221;][vc_column_text] BODEGAS JUV\u00c9 &amp; CAMPS, PATROCINADORA OFICIAL DE LA\u00a0I EDICI\u00d3N DE LOS TOP 100 SOMELIERS EN ESPA\u00d1A Juv\u00e9 &amp; Camps refuerza su compromiso con la sumiller\u00eda con el&hellip;","og_url":"https:\/\/main.sommelieredit.com\/es\/patroncinadores\/juve-camps\/","og_site_name":"Sommelier Edit","article_publisher":"https:\/\/www.facebook.com\/sommelieredit\/","article_modified_time":"2025-05-13T12:31:07+00:00","og_image":[{"url":"https:\/\/main.sommelieredit.com\/wp-content\/uploads\/2024\/04\/Juve-Camps-Casa-Vella--300x200.jpg","type":"","width":"","height":""}],"twitter_card":"summary_large_image","twitter_site":"@SommelierEdit","twitter_misc":{"Tiempo de lectura":"3 minutos"},"schema":{"@context":"https:\/\/schema.org","@graph":[{"@type":"WebPage","@id":"https:\/\/main.sommelieredit.com\/es\/patroncinadores\/juve-camps\/","url":"https:\/\/main.sommelieredit.com\/es\/patroncinadores\/juve-camps\/","name":"Juv\u00e9 & Camps | Sommelier Edit","isPartOf":{"@id":"https:\/\/main.sommelieredit.com\/es\/#website"},"primaryImageOfPage":{"@id":"https:\/\/main.sommelieredit.com\/es\/patroncinadores\/juve-camps\/#primaryimage"},"image":{"@id":"https:\/\/main.sommelieredit.com\/es\/patroncinadores\/juve-camps\/#primaryimage"},"thumbnailUrl":"https:\/\/main.sommelieredit.com\/wp-content\/uploads\/2024\/04\/Meritxell-Sr.-Juve.jpg","datePublished":"2024-04-25T13:50:23+00:00","dateModified":"2025-05-13T12:31:07+00:00","breadcrumb":{"@id":"https:\/\/main.sommelieredit.com\/es\/patroncinadores\/juve-camps\/#breadcrumb"},"inLanguage":"es","potentialAction":[{"@type":"ReadAction","target":["https:\/\/main.sommelieredit.com\/es\/patroncinadores\/juve-camps\/"]}]},{"@type":"ImageObject","inLanguage":"es","@id":"https:\/\/main.sommelieredit.com\/es\/patroncinadores\/juve-camps\/#primaryimage","url":"https:\/\/main.sommelieredit.com\/wp-content\/uploads\/2024\/04\/Meritxell-Sr.-Juve.jpg","contentUrl":"https:\/\/main.sommelieredit.com\/wp-content\/uploads\/2024\/04\/Meritxell-Sr.-Juve.jpg"},{"@type":"BreadcrumbList","@id":"https:\/\/main.sommelieredit.com\/es\/patroncinadores\/juve-camps\/#breadcrumb","itemListElement":[{"@type":"ListItem","position":1,"name":"Home","item":"https:\/\/main.sommelieredit.com\/es\/"},{"@type":"ListItem","position":2,"name":"Patroncinadores","item":"https:\/\/main.sommelieredit.com\/es\/patroncinadores\/"},{"@type":"ListItem","position":3,"name":"Juv\u00e9 &#038; Camps"}]},{"@type":"WebSite","@id":"https:\/\/main.sommelieredit.com\/es\/#website","url":"https:\/\/main.sommelieredit.com\/es\/","name":"Sommelier Edit","description":"","publisher":{"@id":"https:\/\/main.sommelieredit.com\/es\/#organization"},"potentialAction":[{"@type":"SearchAction","target":{"@type":"EntryPoint","urlTemplate":"https:\/\/main.sommelieredit.com\/es\/?s={search_term_string}"},"query-input":{"@type":"PropertyValueSpecification","valueRequired":true,"valueName":"search_term_string"}}],"inLanguage":"es"},{"@type":"Organization","@id":"https:\/\/main.sommelieredit.com\/es\/#organization","name":"Sommelier Edit","url":"https:\/\/main.sommelieredit.com\/es\/","logo":{"@type":"ImageObject","inLanguage":"es","@id":"https:\/\/main.sommelieredit.com\/es\/#\/schema\/logo\/image\/","url":"https:\/\/main.sommelieredit.com\/wp-content\/uploads\/2022\/12\/sommelier-edit-logo-og.png","contentUrl":"https:\/\/main.sommelieredit.com\/wp-content\/uploads\/2022\/12\/sommelier-edit-logo-og.png","width":1200,"height":630,"caption":"Sommelier Edit"},"image":{"@id":"https:\/\/main.sommelieredit.com\/es\/#\/schema\/logo\/image\/"},"sameAs":["https:\/\/www.facebook.com\/sommelieredit\/","https:\/\/x.com\/SommelierEdit","https:\/\/www.instagram.com\/sommelieredit\/","https:\/\/www.linkedin.com\/company\/sommelier-edit\/","https:\/\/vimeo.com\/sommelieredit"]}]}},"_links":{"self":[{"href":"https:\/\/main.sommelieredit.com\/es\/wp-json\/wp\/v2\/pages\/4087","targetHints":{"allow":["GET"]}}],"collection":[{"href":"https:\/\/main.sommelieredit.com\/es\/wp-json\/wp\/v2\/pages"}],"about":[{"href":"https:\/\/main.sommelieredit.com\/es\/wp-json\/wp\/v2\/types\/page"}],"author":[{"embeddable":true,"href":"https:\/\/main.sommelieredit.com\/es\/wp-json\/wp\/v2\/users\/17"}],"replies":[{"embeddable":true,"href":"https:\/\/main.sommelieredit.com\/es\/wp-json\/wp\/v2\/comments?post=4087"}],"version-history":[{"count":0,"href":"https:\/\/main.sommelieredit.com\/es\/wp-json\/wp\/v2\/pages\/4087\/revisions"}],"up":[{"embeddable":true,"href":"https:\/\/main.sommelieredit.com\/es\/wp-json\/wp\/v2\/pages\/4046"}],"wp:attachment":[{"href":"https:\/\/main.sommelieredit.com\/es\/wp-json\/wp\/v2\/media?parent=4087"}],"curies":[{"name":"wp","href":"https:\/\/api.w.org\/{rel}","templated":true}]}}