{"id":6559,"date":"2025-01-28T09:26:43","date_gmt":"2025-01-28T09:26:43","guid":{"rendered":"https:\/\/main.sommelieredit.com\/patroncinadores\/bodegas-gancedo\/"},"modified":"2025-02-20T11:24:32","modified_gmt":"2025-02-20T11:24:32","slug":"bodegas-gancedo","status":"publish","type":"page","link":"https:\/\/main.sommelieredit.com\/es\/patroncinadores\/bodegas-gancedo\/","title":{"rendered":"Bodegas Gancedo"},"content":{"rendered":"<div class=\"wpb-content-wrapper\">[vc_row][vc_column][vc_column_text]\n<h3><a href=\"https:\/\/bodegasgancedo.com\/en\/home\/\" target=\"_blank\" rel=\"noopener\">Bodegas y Vi\u00f1edos Gancedo<\/a> es una bodega de vino familiar situada en Quil\u00f3s (Cacabelos) en la comarca de El Bierzo. Adem\u00e1s de elaboradores son viticultores y actualmente cuentan con 600 parcelas y 100 hect\u00e1reas de vi\u00f1edo en propiedad. <\/h3>\n<p>Bajo la Denominaci\u00f3n de Origen Bierzo, su principal objetivo es producir vinos de alta calidad de forma tradicional.<\/p>\n<p>Generaciones anteriores ya se dedicaron a la viticultura y producci\u00f3n de vinos como medio de vida habitual dentro de la comarca berciana. A\u00f1os despu\u00e9s siguieron con el proyecto Gancedo con conocimientos adquiridos por las profesiones de los propietarios de la bodega, ingenieros de profesi\u00f3n y expertos en estudios de suelos (terroirs).  Decidieron embarcarse en el mundo del vino por su gran pasi\u00f3n por la viticultura y su interpretaci\u00f3n, adem\u00e1s de recuperar la actividad original de su familia.[\/vc_column_text][vc_empty_space][vc_single_image image=&#8221;6356&#8243;][vc_empty_space][vc_column_text]El respeto al medioambiente es religi\u00f3n en la bodega, acaparando, a pesar de las dificultades la mayor superficie de vi\u00f1edo ecol\u00f3gico en el noroeste de Espa\u00f1a, con cerca de 100 hect\u00e1reas en propiedad. Nuestros vi\u00f1edos se distribuyen en m\u00e1s de 600 parcelas en forma de herradura desde el incomparable marco en el que se alza nuestra bodega. El respeto al medioambiente es religi\u00f3n en la bodega, acaparando, a pesar de las dificultades la mayor superficie de vi\u00f1edo ecol\u00f3gico en el noroeste de Espa\u00f1a, con cerca de 100 hect\u00e1reas en propiedad. Con el paso de los a\u00f1os la bodega ha adquirido, recuperado y reconvertido vi\u00f1edo. Siempre en busca de las mejores ubicaciones en laderas, orientaciones adecuadas, altitud y suelos gran\u00edticos, calizos, franco-arenosos, cuarc\u00edticos&#8230;, que les permitan elaborar vinos con identidad propia.<\/p>\n<p>Tras a\u00f1os de trabajo centrado en la sostenibilidad, la calidad y la salud del suelo, han conseguido la certificaci\u00f3n CAECYL de agricultura ecol\u00f3gica.<\/p>\n<p>Estos logros representan el compromiso de trabajar en armon\u00eda con la naturaleza para cultivar la mejor materia prima para elaborar sus vinos y, al mismo tiempo, devolver a la tierra m\u00e1s de lo que han recibido cada a\u00f1o.<\/p>\n<p>En la elaboraci\u00f3n de sus vinos utilizan uvas representativas del territorio, Godello, Menc\u00eda y Malvas\u00eda. Actualmente la bodega elabora siete referencias, en vinos blancos Capricho Val de Paxari\u00f1as (Godello), Herencia del Capricho (Godello), en rosado: Capricho Val de Paxari\u00f1as Rosado (Menc\u00eda), en tintos: Gancedo (Menc\u00eda), Xestal (Menc\u00eda), Ucedo (Menc\u00eda) y en vinos dulces: La Senda de la Higuera (Malvas\u00eda), en varias presentaciones de 0,75 l y magnum de 1,5l.[\/vc_column_text][vc_empty_space][vc_single_image image=&#8221;6360&#8243;][vc_empty_space][\/vc_column][\/vc_row][vc_row full_width=&#8221;stretch_row&#8221; css=&#8221;.vc_custom_1714486583502{background-color: #678ca5 !important;}&#8221;][vc_column width=&#8221;1\/4&#8243;][vc_empty_space height=&#8221;48px&#8221;][vc_single_image image=&#8221;6366&#8243; onclick=&#8221;custom_link&#8221; link=&#8221;https:\/\/main.sommelieredit.com\/es\/los-100-mejores-sumilleres\/&#8221;][\/vc_column][vc_column width=&#8221;3\/4&#8243;][vc_empty_space height=&#8221;20px&#8221;][vc_column_text color=&#8221;#ffffff&#8221;]\n<blockquote><p>Top 100 Sommeliers representa un v\u00ednculo directo y muy importante entre bodegas y sumilleres, apoyando a los mejores profesionales del sector y a las nuevas generaciones que se incorporan a la hosteler\u00eda y al mundo del vino en general, en una labor encomiable a la que queremos sumarnos.&#8221;<\/p><\/blockquote>\n<h4 class=\"p1\">Jos\u00e9 Cereijo, presidente de Bodegas y Vi\u00f1edos Gancedo<\/h4>\n[\/vc_column_text][\/vc_column][\/vc_row][vc_row][vc_column][vc_empty_space][vc_single_image image=&#8221;6336&#8243; img_size=&#8221;medium&#8221; alignment=&#8221;center&#8221; onclick=&#8221;custom_link&#8221; img_link_target=&#8221;_blank&#8221; link=&#8221;https:\/\/bodegasgancedo.com\/&#8221;]<div class=\"vcex-spacing wpex-w-100 wpex-clear\"><\/div><div class=\"theme-button-wrap textcenter wpex-clr\"><a href=\"https:\/\/bodegasgancedo.com\" class=\"vcex-button theme-button medium align-center inline\"><span class=\"vcex-button-inner theme-button-inner wpex-flex wpex-flex-wrap wpex-items-center wpex-justify-center\">M\u00e1s detalles<\/span><\/a><\/div> <div class=\"vcex-spacing wpex-w-100 wpex-clear\"><\/div><div class=\"theme-button-wrap textcenter wpex-clr\"><a href=\"mailto:alb&#097;&#099;er&#101;ijo&#103;&#097;&#114;&#099;ia&#064;&#103;ma&#105;l&#046;co&#109;\" class=\"vcex-button theme-button medium align-center inline\"><span class=\"vcex-button-inner theme-button-inner wpex-flex wpex-flex-wrap wpex-items-center wpex-justify-center\">Consultas comerciales<\/span><\/a><\/div> [\/vc_column][\/vc_row]\n<\/div>","protected":false},"excerpt":{"rendered":"<p>[vc_row][vc_column][vc_column_text] Bodegas y Vi\u00f1edos Gancedo es una bodega de vino familiar situada en Quil\u00f3s (Cacabelos) en la comarca de El Bierzo. Adem\u00e1s de elaboradores son viticultores y actualmente cuentan con&hellip;<\/p>\n","protected":false},"author":17,"featured_media":0,"parent":4046,"menu_order":0,"comment_status":"closed","ping_status":"closed","template":"","meta":{"_acf_changed":false,"footnotes":""},"class_list":["post-6559","page","type-page","status-publish","hentry","entry","no-media"],"acf":[],"yoast_head":"<!-- This site is optimized with the Yoast SEO plugin v27.4 - https:\/\/yoast.com\/product\/yoast-seo-wordpress\/ -->\n<title>Bodegas Gancedo | Sommelier Edit<\/title>\n<meta name=\"description\" content=\"Bodegas Gancedo refuerza su compromiso con los sumilleres con su apoyo al ranking Top 100 Sommeliers de Espa\u00f1a\" \/>\n<meta name=\"robots\" content=\"noindex, follow, max-snippet:-1, max-image-preview:large, max-video-preview:-1\" \/>\n<meta property=\"og:locale\" content=\"es_ES\" \/>\n<meta property=\"og:type\" content=\"article\" \/>\n<meta property=\"og:title\" content=\"Bodegas Gancedo | Sommelier Edit\" \/>\n<meta property=\"og:description\" content=\"Bodegas Gancedo refuerza su compromiso con los sumilleres con su apoyo al ranking Top 100 Sommeliers de Espa\u00f1a\" \/>\n<meta property=\"og:url\" content=\"https:\/\/main.sommelieredit.com\/es\/patroncinadores\/bodegas-gancedo\/\" \/>\n<meta property=\"og:site_name\" content=\"Sommelier Edit\" \/>\n<meta property=\"article:publisher\" content=\"https:\/\/www.facebook.com\/sommelieredit\/\" \/>\n<meta property=\"article:modified_time\" content=\"2025-02-20T11:24:32+00:00\" \/>\n<meta property=\"og:image\" content=\"https:\/\/main.sommelieredit.com\/wp-content\/uploads\/2022\/12\/sommelier-edit-logo-og.png\" \/>\n\t<meta property=\"og:image:width\" content=\"1200\" \/>\n\t<meta property=\"og:image:height\" content=\"630\" \/>\n\t<meta property=\"og:image:type\" content=\"image\/png\" \/>\n<meta name=\"twitter:card\" content=\"summary_large_image\" \/>\n<meta name=\"twitter:site\" content=\"@SommelierEdit\" \/>\n<meta name=\"twitter:label1\" content=\"Tiempo de lectura\" \/>\n\t<meta name=\"twitter:data1\" content=\"2 minutos\" \/>\n<script type=\"application\/ld+json\" class=\"yoast-schema-graph\">{\"@context\":\"https:\\\/\\\/schema.org\",\"@graph\":[{\"@type\":\"WebPage\",\"@id\":\"https:\\\/\\\/main.sommelieredit.com\\\/es\\\/patroncinadores\\\/bodegas-gancedo\\\/\",\"url\":\"https:\\\/\\\/main.sommelieredit.com\\\/es\\\/patroncinadores\\\/bodegas-gancedo\\\/\",\"name\":\"Bodegas Gancedo | Sommelier Edit\",\"isPartOf\":{\"@id\":\"https:\\\/\\\/main.sommelieredit.com\\\/#website\"},\"datePublished\":\"2025-01-28T09:26:43+00:00\",\"dateModified\":\"2025-02-20T11:24:32+00:00\",\"description\":\"Bodegas Gancedo refuerza su compromiso con los sumilleres con su apoyo al ranking Top 100 Sommeliers de Espa\u00f1a\",\"breadcrumb\":{\"@id\":\"https:\\\/\\\/main.sommelieredit.com\\\/es\\\/patroncinadores\\\/bodegas-gancedo\\\/#breadcrumb\"},\"inLanguage\":\"es\",\"potentialAction\":[{\"@type\":\"ReadAction\",\"target\":[\"https:\\\/\\\/main.sommelieredit.com\\\/es\\\/patroncinadores\\\/bodegas-gancedo\\\/\"]}]},{\"@type\":\"BreadcrumbList\",\"@id\":\"https:\\\/\\\/main.sommelieredit.com\\\/es\\\/patroncinadores\\\/bodegas-gancedo\\\/#breadcrumb\",\"itemListElement\":[{\"@type\":\"ListItem\",\"position\":1,\"name\":\"Home\",\"item\":\"https:\\\/\\\/main.sommelieredit.com\\\/es\\\/\"},{\"@type\":\"ListItem\",\"position\":2,\"name\":\"Patroncinadores\",\"item\":\"https:\\\/\\\/main.sommelieredit.com\\\/es\\\/patroncinadores\\\/\"},{\"@type\":\"ListItem\",\"position\":3,\"name\":\"Bodegas Gancedo\"}]},{\"@type\":\"WebSite\",\"@id\":\"https:\\\/\\\/main.sommelieredit.com\\\/#website\",\"url\":\"https:\\\/\\\/main.sommelieredit.com\\\/\",\"name\":\"Sommelier Edit\",\"description\":\"\",\"publisher\":{\"@id\":\"https:\\\/\\\/main.sommelieredit.com\\\/#organization\"},\"potentialAction\":[{\"@type\":\"SearchAction\",\"target\":{\"@type\":\"EntryPoint\",\"urlTemplate\":\"https:\\\/\\\/main.sommelieredit.com\\\/?s={search_term_string}\"},\"query-input\":{\"@type\":\"PropertyValueSpecification\",\"valueRequired\":true,\"valueName\":\"search_term_string\"}}],\"inLanguage\":\"es\"},{\"@type\":\"Organization\",\"@id\":\"https:\\\/\\\/main.sommelieredit.com\\\/#organization\",\"name\":\"Sommelier Edit\",\"url\":\"https:\\\/\\\/main.sommelieredit.com\\\/\",\"logo\":{\"@type\":\"ImageObject\",\"inLanguage\":\"es\",\"@id\":\"https:\\\/\\\/main.sommelieredit.com\\\/#\\\/schema\\\/logo\\\/image\\\/\",\"url\":\"https:\\\/\\\/main.sommelieredit.com\\\/wp-content\\\/uploads\\\/2022\\\/12\\\/sommelier-edit-logo-og.png\",\"contentUrl\":\"https:\\\/\\\/main.sommelieredit.com\\\/wp-content\\\/uploads\\\/2022\\\/12\\\/sommelier-edit-logo-og.png\",\"width\":1200,\"height\":630,\"caption\":\"Sommelier Edit\"},\"image\":{\"@id\":\"https:\\\/\\\/main.sommelieredit.com\\\/#\\\/schema\\\/logo\\\/image\\\/\"},\"sameAs\":[\"https:\\\/\\\/www.facebook.com\\\/sommelieredit\\\/\",\"https:\\\/\\\/x.com\\\/SommelierEdit\",\"https:\\\/\\\/www.instagram.com\\\/sommelieredit\\\/\",\"https:\\\/\\\/www.linkedin.com\\\/company\\\/sommelier-edit\\\/\",\"https:\\\/\\\/vimeo.com\\\/sommelieredit\"]}]}<\/script>\n<!-- \/ Yoast SEO plugin. -->","yoast_head_json":{"title":"Bodegas Gancedo | Sommelier Edit","description":"Bodegas Gancedo refuerza su compromiso con los sumilleres con su apoyo al ranking Top 100 Sommeliers de Espa\u00f1a","robots":{"index":"noindex","follow":"follow","max-snippet":"max-snippet:-1","max-image-preview":"max-image-preview:large","max-video-preview":"max-video-preview:-1"},"og_locale":"es_ES","og_type":"article","og_title":"Bodegas Gancedo | Sommelier Edit","og_description":"Bodegas Gancedo refuerza su compromiso con los sumilleres con su apoyo al ranking Top 100 Sommeliers de Espa\u00f1a","og_url":"https:\/\/main.sommelieredit.com\/es\/patroncinadores\/bodegas-gancedo\/","og_site_name":"Sommelier Edit","article_publisher":"https:\/\/www.facebook.com\/sommelieredit\/","article_modified_time":"2025-02-20T11:24:32+00:00","og_image":[{"width":1200,"height":630,"url":"https:\/\/main.sommelieredit.com\/wp-content\/uploads\/2022\/12\/sommelier-edit-logo-og.png","type":"image\/png"}],"twitter_card":"summary_large_image","twitter_site":"@SommelierEdit","twitter_misc":{"Tiempo de lectura":"2 minutos"},"schema":{"@context":"https:\/\/schema.org","@graph":[{"@type":"WebPage","@id":"https:\/\/main.sommelieredit.com\/es\/patroncinadores\/bodegas-gancedo\/","url":"https:\/\/main.sommelieredit.com\/es\/patroncinadores\/bodegas-gancedo\/","name":"Bodegas Gancedo | Sommelier Edit","isPartOf":{"@id":"https:\/\/main.sommelieredit.com\/#website"},"datePublished":"2025-01-28T09:26:43+00:00","dateModified":"2025-02-20T11:24:32+00:00","description":"Bodegas Gancedo refuerza su compromiso con los sumilleres con su apoyo al ranking Top 100 Sommeliers de Espa\u00f1a","breadcrumb":{"@id":"https:\/\/main.sommelieredit.com\/es\/patroncinadores\/bodegas-gancedo\/#breadcrumb"},"inLanguage":"es","potentialAction":[{"@type":"ReadAction","target":["https:\/\/main.sommelieredit.com\/es\/patroncinadores\/bodegas-gancedo\/"]}]},{"@type":"BreadcrumbList","@id":"https:\/\/main.sommelieredit.com\/es\/patroncinadores\/bodegas-gancedo\/#breadcrumb","itemListElement":[{"@type":"ListItem","position":1,"name":"Home","item":"https:\/\/main.sommelieredit.com\/es\/"},{"@type":"ListItem","position":2,"name":"Patroncinadores","item":"https:\/\/main.sommelieredit.com\/es\/patroncinadores\/"},{"@type":"ListItem","position":3,"name":"Bodegas Gancedo"}]},{"@type":"WebSite","@id":"https:\/\/main.sommelieredit.com\/#website","url":"https:\/\/main.sommelieredit.com\/","name":"Sommelier Edit","description":"","publisher":{"@id":"https:\/\/main.sommelieredit.com\/#organization"},"potentialAction":[{"@type":"SearchAction","target":{"@type":"EntryPoint","urlTemplate":"https:\/\/main.sommelieredit.com\/?s={search_term_string}"},"query-input":{"@type":"PropertyValueSpecification","valueRequired":true,"valueName":"search_term_string"}}],"inLanguage":"es"},{"@type":"Organization","@id":"https:\/\/main.sommelieredit.com\/#organization","name":"Sommelier Edit","url":"https:\/\/main.sommelieredit.com\/","logo":{"@type":"ImageObject","inLanguage":"es","@id":"https:\/\/main.sommelieredit.com\/#\/schema\/logo\/image\/","url":"https:\/\/main.sommelieredit.com\/wp-content\/uploads\/2022\/12\/sommelier-edit-logo-og.png","contentUrl":"https:\/\/main.sommelieredit.com\/wp-content\/uploads\/2022\/12\/sommelier-edit-logo-og.png","width":1200,"height":630,"caption":"Sommelier Edit"},"image":{"@id":"https:\/\/main.sommelieredit.com\/#\/schema\/logo\/image\/"},"sameAs":["https:\/\/www.facebook.com\/sommelieredit\/","https:\/\/x.com\/SommelierEdit","https:\/\/www.instagram.com\/sommelieredit\/","https:\/\/www.linkedin.com\/company\/sommelier-edit\/","https:\/\/vimeo.com\/sommelieredit"]}]}},"_links":{"self":[{"href":"https:\/\/main.sommelieredit.com\/es\/wp-json\/wp\/v2\/pages\/6559","targetHints":{"allow":["GET"]}}],"collection":[{"href":"https:\/\/main.sommelieredit.com\/es\/wp-json\/wp\/v2\/pages"}],"about":[{"href":"https:\/\/main.sommelieredit.com\/es\/wp-json\/wp\/v2\/types\/page"}],"author":[{"embeddable":true,"href":"https:\/\/main.sommelieredit.com\/es\/wp-json\/wp\/v2\/users\/17"}],"replies":[{"embeddable":true,"href":"https:\/\/main.sommelieredit.com\/es\/wp-json\/wp\/v2\/comments?post=6559"}],"version-history":[{"count":0,"href":"https:\/\/main.sommelieredit.com\/es\/wp-json\/wp\/v2\/pages\/6559\/revisions"}],"up":[{"embeddable":true,"href":"https:\/\/main.sommelieredit.com\/es\/wp-json\/wp\/v2\/pages\/4046"}],"wp:attachment":[{"href":"https:\/\/main.sommelieredit.com\/es\/wp-json\/wp\/v2\/media?parent=6559"}],"curies":[{"name":"wp","href":"https:\/\/api.w.org\/{rel}","templated":true}]}}