{"id":6350,"date":"2025-01-28T09:26:43","date_gmt":"2025-01-28T09:26:43","guid":{"rendered":"https:\/\/main.sommelieredit.com\/?page_id=6350"},"modified":"2025-02-20T11:11:58","modified_gmt":"2025-02-20T11:11:58","slug":"bodegas-gancedo","status":"publish","type":"page","link":"https:\/\/main.sommelieredit.com\/pl\/sponsors\/bodegas-gancedo\/","title":{"rendered":"Bodegas Gancedo"},"content":{"rendered":"<div class=\"wpb-content-wrapper\">[vc_row][vc_column][vc_column_text]\n<h3><a href=\"https:\/\/bodegasgancedo.com\/en\/home\/\" target=\"_blank\" rel=\"noopener\">Bodegas y Vi\u00f1edos Gancedo<\/a> is a family winery located in Quil\u00f3s (Cacabelos) in the region of El Bierzo. In addition to being winemakers, they are also winegrowers and currently own 600 plots and 100 hectares of vineyards.<\/h3>\n<p>Under the Bierzo Designation of Origin, their main objective is to produce high quality wines in a traditional way.<\/p>\n<p>Previous generations were already dedicated to viticulture and wine production as a regular livelihood in the Bierzo region. Years later they continued with the Gancedo project with knowledge acquired by the professions of the owners of the winery, engineers by profession and experts in soil studies (terroirs). They decided to embark on the world of wine because of their great passion for viticulture and its interpretation, in addition to recovering their family&#8217;s original activity.[\/vc_column_text][vc_empty_space][vc_single_image image=&#8221;6353&#8243;][vc_empty_space][vc_column_text]Our vineyards are distributed in more than 600 plots in the shape of a horseshoe from the incomparable setting in which our winery is located.\u00a0 Respect for the environment is a religion in the winery, and despite the difficulties, we have the largest area of organic vineyards in the northwest of Spain, with nearly 100 hectares of vineyards. Over the years the winery has acquired, recovered and reconverted vineyards. Always in search of the best locations on slopes, suitable orientations, altitude and granitic, limestone, sandy loam, quartzite soils&#8230;, which allow them to produce wines with their own identity.<\/p>\n<p>After years of work focused on sustainability, quality and soil health, they have achieved CAECYL certification for organic farming.<\/p>\n<p>These achievements represent the commitment to work in harmony with nature to grow the best raw material to make their wines, and at the same time, give back to the land more of what they have received each year.<\/p>\n<p>In the elaboration of their wines they use representative grapes of the territory, Godello, Menc\u00eda and Malvas\u00eda. Currently the winery produces seven references, in white wines: Capricho Val de Paxari\u00f1as (Godello), Herencia del Capricho (Godello), in ros\u00e9: Capricho Val de Paxari\u00f1as Rosado (Menc\u00eda), in red wines: Gancedo (Menc\u00eda), Xestal (Menc\u00eda), Ucedo (Menc\u00eda) and in sweet wines: La Senda de la Higuera (Malvas\u00eda), in various presentations of 0.75 l and magnum of 1.5l.[\/vc_column_text][vc_empty_space][vc_single_image image=&#8221;6357&#8243;][vc_empty_space][\/vc_column][\/vc_row][vc_row full_width=&#8221;stretch_row&#8221; css=&#8221;.vc_custom_1714486583502{background-color: #678ca5 !important;}&#8221;][vc_column width=&#8221;1\/4&#8243;][vc_empty_space height=&#8221;48px&#8221;][vc_single_image image=&#8221;6363&#8243; onclick=&#8221;custom_link&#8221; link=&#8221;https:\/\/main.sommelieredit.com\/top-100-sommeliers\/&#8221;][\/vc_column][vc_column width=&#8221;3\/4&#8243;][vc_empty_space height=&#8221;20px&#8221;][vc_column_text color=&#8221;#ffffff&#8221;]\n<blockquote><p>Top 100 Sommeliers represents a direct and very important link between wineries and sommeliers, supporting the greatest professionals in the sector and the new generations entering the on-trade and the world of wine in general in a commendable task that we want to join.&#8221;<\/p><\/blockquote>\n<h4 class=\"p1\">Jos\u00e9 Cereijo, president of Bodegas y Vi\u00f1edos Gancedo<\/h4>\n[\/vc_column_text][\/vc_column][\/vc_row][vc_row][vc_column][vc_empty_space][vc_single_image image=&#8221;6333&#8243; img_size=&#8221;medium&#8221; alignment=&#8221;center&#8221; onclick=&#8221;custom_link&#8221; img_link_target=&#8221;_blank&#8221; link=&#8221;https:\/\/bodegasgancedo.com\/&#8221;]<div class=\"vcex-spacing wpex-w-100 wpex-clear\"><\/div><div class=\"theme-button-wrap textcenter wpex-clr\"><a href=\"https:\/\/bodegasgancedo.com\" class=\"vcex-button theme-button medium align-center inline\"><span class=\"vcex-button-inner theme-button-inner wpex-flex wpex-flex-wrap wpex-items-center wpex-justify-center\">More details<\/span><\/a><\/div> <div class=\"vcex-spacing wpex-w-100 wpex-clear\"><\/div><div class=\"theme-button-wrap textcenter wpex-clr\"><a href=\"mailto:&#097;&#108;ba&#099;e&#114;&#101;&#105;j&#111;&#103;arcia&#064;&#103;m&#097;&#105;l&#046;c&#111;m\" class=\"vcex-button theme-button medium align-center inline\"><span class=\"vcex-button-inner theme-button-inner wpex-flex wpex-flex-wrap wpex-items-center wpex-justify-center\">Trade enquiries<\/span><\/a><\/div> [\/vc_column][\/vc_row]\n<\/div>","protected":false},"excerpt":{"rendered":"<p>[vc_row][vc_column][vc_column_text] Bodegas y Vi\u00f1edos Gancedo is a family winery located in Quil\u00f3s (Cacabelos) in the region of El Bierzo. In addition to being winemakers, they are also winegrowers and currently&hellip;<\/p>\n","protected":false},"author":17,"featured_media":0,"parent":1996,"menu_order":0,"comment_status":"closed","ping_status":"closed","template":"","meta":{"_acf_changed":false,"footnotes":""},"class_list":["post-6350","page","type-page","status-publish","hentry","entry","no-media"],"acf":[],"yoast_head":"<!-- This site is optimized with the Yoast SEO plugin v27.4 - https:\/\/yoast.com\/product\/yoast-seo-wordpress\/ -->\n<title>Bodegas Gancedo | Sommelier Edit<\/title>\n<meta name=\"description\" content=\"Spanish wine producer Bodegas Gancedo reinforces its commitment to sommeliers with its support of the Top 100 Sommeliers ranking in Spain\" \/>\n<meta name=\"robots\" content=\"index, follow, max-snippet:-1, max-image-preview:large, max-video-preview:-1\" \/>\n<link rel=\"canonical\" href=\"https:\/\/main.sommelieredit.com\/pl\/sponsors\/bodegas-gancedo\/\" \/>\n<meta property=\"og:locale\" content=\"pl_PL\" \/>\n<meta property=\"og:type\" content=\"article\" \/>\n<meta property=\"og:title\" content=\"Bodegas Gancedo | Sommelier Edit\" \/>\n<meta property=\"og:description\" content=\"Spanish wine producer Bodegas Gancedo reinforces its commitment to sommeliers with its support of the Top 100 Sommeliers ranking in Spain\" \/>\n<meta property=\"og:url\" content=\"https:\/\/main.sommelieredit.com\/pl\/sponsors\/bodegas-gancedo\/\" \/>\n<meta property=\"og:site_name\" content=\"Sommelier Edit\" \/>\n<meta property=\"article:publisher\" content=\"https:\/\/www.facebook.com\/sommelieredit\/\" \/>\n<meta property=\"article:modified_time\" content=\"2025-02-20T11:11:58+00:00\" \/>\n<meta property=\"og:image\" content=\"https:\/\/main.sommelieredit.com\/wp-content\/uploads\/2022\/12\/sommelier-edit-logo-og.png\" \/>\n\t<meta property=\"og:image:width\" content=\"1200\" \/>\n\t<meta property=\"og:image:height\" content=\"630\" \/>\n\t<meta property=\"og:image:type\" content=\"image\/png\" \/>\n<meta name=\"twitter:card\" content=\"summary_large_image\" \/>\n<meta name=\"twitter:site\" content=\"@SommelierEdit\" \/>\n<meta name=\"twitter:label1\" content=\"Szacowany czas czytania\" \/>\n\t<meta name=\"twitter:data1\" content=\"2 minuty\" \/>\n<script type=\"application\/ld+json\" class=\"yoast-schema-graph\">{\"@context\":\"https:\\\/\\\/schema.org\",\"@graph\":[{\"@type\":\"WebPage\",\"@id\":\"https:\\\/\\\/main.sommelieredit.com\\\/pl\\\/sponsors\\\/bodegas-gancedo\\\/\",\"url\":\"https:\\\/\\\/main.sommelieredit.com\\\/pl\\\/sponsors\\\/bodegas-gancedo\\\/\",\"name\":\"Bodegas Gancedo | Sommelier Edit\",\"isPartOf\":{\"@id\":\"https:\\\/\\\/main.sommelieredit.com\\\/pl\\\/#website\"},\"datePublished\":\"2025-01-28T09:26:43+00:00\",\"dateModified\":\"2025-02-20T11:11:58+00:00\",\"description\":\"Spanish wine producer Bodegas Gancedo reinforces its commitment to sommeliers with its support of the Top 100 Sommeliers ranking in Spain\",\"breadcrumb\":{\"@id\":\"https:\\\/\\\/main.sommelieredit.com\\\/pl\\\/sponsors\\\/bodegas-gancedo\\\/#breadcrumb\"},\"inLanguage\":\"pl-PL\",\"potentialAction\":[{\"@type\":\"ReadAction\",\"target\":[\"https:\\\/\\\/main.sommelieredit.com\\\/pl\\\/sponsors\\\/bodegas-gancedo\\\/\"]}]},{\"@type\":\"BreadcrumbList\",\"@id\":\"https:\\\/\\\/main.sommelieredit.com\\\/pl\\\/sponsors\\\/bodegas-gancedo\\\/#breadcrumb\",\"itemListElement\":[{\"@type\":\"ListItem\",\"position\":1,\"name\":\"Home\",\"item\":\"https:\\\/\\\/main.sommelieredit.com\\\/pl\\\/magazine\\\/\"},{\"@type\":\"ListItem\",\"position\":2,\"name\":\"Sponsors\",\"item\":\"https:\\\/\\\/main.sommelieredit.com\\\/pl\\\/sponsors\\\/\"},{\"@type\":\"ListItem\",\"position\":3,\"name\":\"Bodegas Gancedo\"}]},{\"@type\":\"WebSite\",\"@id\":\"https:\\\/\\\/main.sommelieredit.com\\\/pl\\\/#website\",\"url\":\"https:\\\/\\\/main.sommelieredit.com\\\/pl\\\/\",\"name\":\"Sommelier Edit\",\"description\":\"\",\"publisher\":{\"@id\":\"https:\\\/\\\/main.sommelieredit.com\\\/pl\\\/#organization\"},\"potentialAction\":[{\"@type\":\"SearchAction\",\"target\":{\"@type\":\"EntryPoint\",\"urlTemplate\":\"https:\\\/\\\/main.sommelieredit.com\\\/pl\\\/?s={search_term_string}\"},\"query-input\":{\"@type\":\"PropertyValueSpecification\",\"valueRequired\":true,\"valueName\":\"search_term_string\"}}],\"inLanguage\":\"pl-PL\"},{\"@type\":\"Organization\",\"@id\":\"https:\\\/\\\/main.sommelieredit.com\\\/pl\\\/#organization\",\"name\":\"Sommelier Edit\",\"url\":\"https:\\\/\\\/main.sommelieredit.com\\\/pl\\\/\",\"logo\":{\"@type\":\"ImageObject\",\"inLanguage\":\"pl-PL\",\"@id\":\"https:\\\/\\\/main.sommelieredit.com\\\/pl\\\/#\\\/schema\\\/logo\\\/image\\\/\",\"url\":\"https:\\\/\\\/main.sommelieredit.com\\\/wp-content\\\/uploads\\\/2022\\\/12\\\/sommelier-edit-logo-og.png\",\"contentUrl\":\"https:\\\/\\\/main.sommelieredit.com\\\/wp-content\\\/uploads\\\/2022\\\/12\\\/sommelier-edit-logo-og.png\",\"width\":1200,\"height\":630,\"caption\":\"Sommelier Edit\"},\"image\":{\"@id\":\"https:\\\/\\\/main.sommelieredit.com\\\/pl\\\/#\\\/schema\\\/logo\\\/image\\\/\"},\"sameAs\":[\"https:\\\/\\\/www.facebook.com\\\/sommelieredit\\\/\",\"https:\\\/\\\/x.com\\\/SommelierEdit\",\"https:\\\/\\\/www.instagram.com\\\/sommelieredit\\\/\",\"https:\\\/\\\/www.linkedin.com\\\/company\\\/sommelier-edit\\\/\",\"https:\\\/\\\/vimeo.com\\\/sommelieredit\"]}]}<\/script>\n<!-- \/ Yoast SEO plugin. -->","yoast_head_json":{"title":"Bodegas Gancedo | Sommelier Edit","description":"Spanish wine producer Bodegas Gancedo reinforces its commitment to sommeliers with its support of the Top 100 Sommeliers ranking in Spain","robots":{"index":"index","follow":"follow","max-snippet":"max-snippet:-1","max-image-preview":"max-image-preview:large","max-video-preview":"max-video-preview:-1"},"canonical":"https:\/\/main.sommelieredit.com\/pl\/sponsors\/bodegas-gancedo\/","og_locale":"pl_PL","og_type":"article","og_title":"Bodegas Gancedo | Sommelier Edit","og_description":"Spanish wine producer Bodegas Gancedo reinforces its commitment to sommeliers with its support of the Top 100 Sommeliers ranking in Spain","og_url":"https:\/\/main.sommelieredit.com\/pl\/sponsors\/bodegas-gancedo\/","og_site_name":"Sommelier Edit","article_publisher":"https:\/\/www.facebook.com\/sommelieredit\/","article_modified_time":"2025-02-20T11:11:58+00:00","og_image":[{"width":1200,"height":630,"url":"https:\/\/main.sommelieredit.com\/wp-content\/uploads\/2022\/12\/sommelier-edit-logo-og.png","type":"image\/png"}],"twitter_card":"summary_large_image","twitter_site":"@SommelierEdit","twitter_misc":{"Szacowany czas czytania":"2 minuty"},"schema":{"@context":"https:\/\/schema.org","@graph":[{"@type":"WebPage","@id":"https:\/\/main.sommelieredit.com\/pl\/sponsors\/bodegas-gancedo\/","url":"https:\/\/main.sommelieredit.com\/pl\/sponsors\/bodegas-gancedo\/","name":"Bodegas Gancedo | Sommelier Edit","isPartOf":{"@id":"https:\/\/main.sommelieredit.com\/pl\/#website"},"datePublished":"2025-01-28T09:26:43+00:00","dateModified":"2025-02-20T11:11:58+00:00","description":"Spanish wine producer Bodegas Gancedo reinforces its commitment to sommeliers with its support of the Top 100 Sommeliers ranking in Spain","breadcrumb":{"@id":"https:\/\/main.sommelieredit.com\/pl\/sponsors\/bodegas-gancedo\/#breadcrumb"},"inLanguage":"pl-PL","potentialAction":[{"@type":"ReadAction","target":["https:\/\/main.sommelieredit.com\/pl\/sponsors\/bodegas-gancedo\/"]}]},{"@type":"BreadcrumbList","@id":"https:\/\/main.sommelieredit.com\/pl\/sponsors\/bodegas-gancedo\/#breadcrumb","itemListElement":[{"@type":"ListItem","position":1,"name":"Home","item":"https:\/\/main.sommelieredit.com\/pl\/magazine\/"},{"@type":"ListItem","position":2,"name":"Sponsors","item":"https:\/\/main.sommelieredit.com\/pl\/sponsors\/"},{"@type":"ListItem","position":3,"name":"Bodegas Gancedo"}]},{"@type":"WebSite","@id":"https:\/\/main.sommelieredit.com\/pl\/#website","url":"https:\/\/main.sommelieredit.com\/pl\/","name":"Sommelier Edit","description":"","publisher":{"@id":"https:\/\/main.sommelieredit.com\/pl\/#organization"},"potentialAction":[{"@type":"SearchAction","target":{"@type":"EntryPoint","urlTemplate":"https:\/\/main.sommelieredit.com\/pl\/?s={search_term_string}"},"query-input":{"@type":"PropertyValueSpecification","valueRequired":true,"valueName":"search_term_string"}}],"inLanguage":"pl-PL"},{"@type":"Organization","@id":"https:\/\/main.sommelieredit.com\/pl\/#organization","name":"Sommelier Edit","url":"https:\/\/main.sommelieredit.com\/pl\/","logo":{"@type":"ImageObject","inLanguage":"pl-PL","@id":"https:\/\/main.sommelieredit.com\/pl\/#\/schema\/logo\/image\/","url":"https:\/\/main.sommelieredit.com\/wp-content\/uploads\/2022\/12\/sommelier-edit-logo-og.png","contentUrl":"https:\/\/main.sommelieredit.com\/wp-content\/uploads\/2022\/12\/sommelier-edit-logo-og.png","width":1200,"height":630,"caption":"Sommelier Edit"},"image":{"@id":"https:\/\/main.sommelieredit.com\/pl\/#\/schema\/logo\/image\/"},"sameAs":["https:\/\/www.facebook.com\/sommelieredit\/","https:\/\/x.com\/SommelierEdit","https:\/\/www.instagram.com\/sommelieredit\/","https:\/\/www.linkedin.com\/company\/sommelier-edit\/","https:\/\/vimeo.com\/sommelieredit"]}]}},"_links":{"self":[{"href":"https:\/\/main.sommelieredit.com\/pl\/wp-json\/wp\/v2\/pages\/6350","targetHints":{"allow":["GET"]}}],"collection":[{"href":"https:\/\/main.sommelieredit.com\/pl\/wp-json\/wp\/v2\/pages"}],"about":[{"href":"https:\/\/main.sommelieredit.com\/pl\/wp-json\/wp\/v2\/types\/page"}],"author":[{"embeddable":true,"href":"https:\/\/main.sommelieredit.com\/pl\/wp-json\/wp\/v2\/users\/17"}],"replies":[{"embeddable":true,"href":"https:\/\/main.sommelieredit.com\/pl\/wp-json\/wp\/v2\/comments?post=6350"}],"version-history":[{"count":6,"href":"https:\/\/main.sommelieredit.com\/pl\/wp-json\/wp\/v2\/pages\/6350\/revisions"}],"predecessor-version":[{"id":6558,"href":"https:\/\/main.sommelieredit.com\/pl\/wp-json\/wp\/v2\/pages\/6350\/revisions\/6558"}],"up":[{"embeddable":true,"href":"https:\/\/main.sommelieredit.com\/pl\/wp-json\/wp\/v2\/pages\/1996"}],"wp:attachment":[{"href":"https:\/\/main.sommelieredit.com\/pl\/wp-json\/wp\/v2\/media?parent=6350"}],"curies":[{"name":"wp","href":"https:\/\/api.w.org\/{rel}","templated":true}]}}