{"id":14676,"date":"2026-04-10T09:28:55","date_gmt":"2026-04-10T08:28:55","guid":{"rendered":"https:\/\/main.sommelieredit.com\/sponsors\/esporao\/"},"modified":"2026-04-13T11:16:09","modified_gmt":"2026-04-13T10:16:09","slug":"esporao","status":"publish","type":"page","link":"https:\/\/main.sommelieredit.com\/pt\/sponsors\/esporao\/","title":{"rendered":"Espor\u00e3o"},"content":{"rendered":"<div class=\"wpb-content-wrapper\">[vc_row][vc_column][vc_single_image image=&#8221;14663&#8243; alignment=&#8221;center&#8221; onclick=&#8221;custom_link&#8221; img_link_target=&#8221;_blank&#8221; link=&#8221;https:\/\/esporao.com\/pt&#8221;][vc_empty_space][vc_single_image image=&#8221;14673&#8243; img_size=&#8221;medium&#8221; alignment=&#8221;center&#8221; onclick=&#8221;custom_link&#8221; img_link_target=&#8221;_blank&#8221; link=&#8221;https:\/\/esporao.com\/pt&#8221;][vc_empty_space][vc_column_text]\n<h2 class=\"p1\"><b>FAZER OS MELHORES PRODUTOS QUE A NATUREZA PROPORCIONA.<\/b><\/h2>\n<p class=\"p3\">O Espor\u00e3o nasceu no Alentejo da vontade incondicional de fazer os melhores vinhos. \u00c9 essa a motiva\u00e7\u00e3o que permanece na base de tudo o que fazemos, agora alargada a outros produtos \u2013 o azeite e o turismo -, e territ\u00f3rios &#8211; Douro e Vinho Verde.<\/p>\n<p class=\"p3\">Em cada lugar, a natureza inspira-nos e ajuda-nos a fazer melhor. Por isso, respeitamo-la e protegemo-la, construindo um futuro mais promissor.<\/p>\n<p class=\"p3\">Acreditamos que as empresas devem estar ao servi\u00e7o da sociedade, e n\u00e3o o contr\u00e1rio.\u00a0Procuramos ser respons\u00e1veis na forma como desenvolvemos a nossa atividade. Essa responsabilidade n\u00e3o \u00e9 abstrata, nem apenas coletiva: \u00e9 de cada um que faz parte do caminho do Espor\u00e3o.<\/p>\n<p class=\"p3\">Promovemos o inconformismo, a mudan\u00e7a e a criatividade. Procuramos fazer melhor e n\u00e3o necessariamente mais. Aprendemos que o avan\u00e7o depende do conhecimento que desenvolvemos e aplicamos, de acreditarmos e pormos o nosso cora\u00e7\u00e3o no que fazemos.<\/p>\n[\/vc_column_text][vc_empty_space height=&#8221;16px&#8221;][\/vc_column][\/vc_row][vc_row full_width=&#8221;stretch_row&#8221; css=&#8221;.vc_custom_1714486583502{background-color: #678ca5 !important;}&#8221;][vc_column width=&#8221;1\/4&#8243;][vc_empty_space height=&#8221;48px&#8221;][vc_single_image image=&#8221;9864&#8243; onclick=&#8221;custom_link&#8221; link=&#8221;https:\/\/main.sommelieredit.com\/pt\/top-100-sommeliers\/&#8221;][\/vc_column][vc_column width=&#8221;3\/4&#8243;][vc_empty_space height=&#8221;20px&#8221;][vc_column_text color=&#8221;#ffffff&#8221;]\n<blockquote>\n<p style=\"font-weight: 400;\"><em>Os sommeliers desempenham um papel fundamental na forma como o vinho \u00e9 vivido e compreendido.<\/em><\/p>\n<p style=\"font-weight: 400;\"><em>S\u00e3o eles que d\u00e3o voz aos vinhos, que contam as suas hist\u00f3rias e que criam liga\u00e7\u00f5es \u00fanicas entre quem produz e quem prova.<br \/>\nNo Espor\u00e3o, temos uma profunda admira\u00e7\u00e3o por este papel e por todos os que o desempenham com dedica\u00e7\u00e3o.<br \/>\nApoiar esta iniciativa \u00e9, para n\u00f3s, uma forma de agradecer, valorizar\u00a0 quem tanto contribui para que o vinho seja vivido de forma pr\u00f3xima e mais humana.<\/em><\/p>\n<p style=\"font-weight: 400;\"><em>Ana Cruz \u2013 En\u00f3loga<\/em><\/p>\n<\/blockquote>\n[\/vc_column_text][\/vc_column][\/vc_row][vc_row][vc_column][vc_empty_space][vc_single_image image=&#8221;14460&#8243; img_size=&#8221;medium&#8221; alignment=&#8221;center&#8221; onclick=&#8221;custom_link&#8221; img_link_target=&#8221;_blank&#8221; link=&#8221;https:\/\/esporao.com\/en\/&#8221;]<div class=\"vcex-spacing wpex-w-100 wpex-clear\"><\/div><div class=\"theme-button-wrap textcenter wpex-clr\"><a href=\"https:\/\/esporao.com\/\" class=\"vcex-button theme-button medium align-center inline\"><span class=\"vcex-button-inner theme-button-inner wpex-flex wpex-flex-wrap wpex-items-center wpex-justify-center\">More details<\/span><\/a><\/div> <div class=\"vcex-spacing wpex-w-100 wpex-clear\"><\/div><div class=\"theme-button-wrap textcenter wpex-clr\"><a href=\"mailto:&#109;&#097;&#114;ga&#114;ida&#046;a&#108;&#118;e&#115;&#064;&#101;&#115;por&#097;&#111;&#046;co&#109;\" class=\"vcex-button theme-button medium align-center inline\"><span class=\"vcex-button-inner theme-button-inner wpex-flex wpex-flex-wrap wpex-items-center wpex-justify-center\">Trade enquiries<\/span><\/a><\/div> [\/vc_column][\/vc_row]\n<\/div>","protected":false},"excerpt":{"rendered":"<p>[vc_row][vc_column][vc_single_image image=&#8221;14663&#8243; alignment=&#8221;center&#8221; onclick=&#8221;custom_link&#8221; img_link_target=&#8221;_blank&#8221; link=&#8221;https:\/\/esporao.com\/pt&#8221;][vc_empty_space][vc_single_image image=&#8221;14673&#8243; img_size=&#8221;medium&#8221; alignment=&#8221;center&#8221; onclick=&#8221;custom_link&#8221; img_link_target=&#8221;_blank&#8221; link=&#8221;https:\/\/esporao.com\/pt&#8221;][vc_empty_space][vc_column_text] FAZER OS MELHORES PRODUTOS QUE A NATUREZA PROPORCIONA. O Espor\u00e3o nasceu no Alentejo da vontade incondicional de fazer&hellip;<\/p>\n","protected":false},"author":17,"featured_media":0,"parent":14413,"menu_order":0,"comment_status":"closed","ping_status":"closed","template":"","meta":{"_acf_changed":false,"footnotes":""},"class_list":["post-14676","page","type-page","status-publish","hentry","entry","no-media"],"acf":[],"yoast_head":"<!-- This site is optimized with the Yoast SEO plugin v27.4 - https:\/\/yoast.com\/product\/yoast-seo-wordpress\/ -->\n<title>Espor\u00e3o | Sommelier Edit<\/title>\n<meta name=\"description\" content=\"A rela\u00e7\u00e3o de longa data do Espor\u00e3o com a comunidade sommelier \u00e9 refor\u00e7ada pela parceria com a iniciativa Top 100 Sommeliers.\" \/>\n<meta name=\"robots\" content=\"noindex, follow, max-snippet:-1, max-image-preview:large, max-video-preview:-1\" \/>\n<meta property=\"og:locale\" content=\"pt_PT\" \/>\n<meta property=\"og:type\" content=\"article\" \/>\n<meta property=\"og:title\" content=\"Espor\u00e3o | Sommelier Edit\" \/>\n<meta property=\"og:description\" content=\"A rela\u00e7\u00e3o de longa data do Espor\u00e3o com a comunidade sommelier \u00e9 refor\u00e7ada pela parceria com a iniciativa Top 100 Sommeliers.\" \/>\n<meta property=\"og:url\" content=\"https:\/\/main.sommelieredit.com\/pt\/sponsors\/esporao\/\" \/>\n<meta property=\"og:site_name\" content=\"Sommelier Edit\" \/>\n<meta property=\"article:publisher\" content=\"https:\/\/www.facebook.com\/sommelieredit\/\" \/>\n<meta property=\"article:modified_time\" content=\"2026-04-13T10:16:09+00:00\" \/>\n<meta property=\"og:image\" content=\"https:\/\/main.sommelieredit.com\/wp-content\/uploads\/2022\/12\/sommelier-edit-logo-og.png\" \/>\n\t<meta property=\"og:image:width\" content=\"1200\" \/>\n\t<meta property=\"og:image:height\" content=\"630\" \/>\n\t<meta property=\"og:image:type\" content=\"image\/png\" \/>\n<meta name=\"twitter:card\" content=\"summary_large_image\" \/>\n<meta name=\"twitter:site\" content=\"@SommelierEdit\" \/>\n<meta name=\"twitter:label1\" content=\"Tempo estimado de leitura\" \/>\n\t<meta name=\"twitter:data1\" content=\"2 minutos\" \/>\n<script type=\"application\/ld+json\" class=\"yoast-schema-graph\">{\"@context\":\"https:\\\/\\\/schema.org\",\"@graph\":[{\"@type\":\"WebPage\",\"@id\":\"https:\\\/\\\/main.sommelieredit.com\\\/pt\\\/sponsors\\\/esporao\\\/\",\"url\":\"https:\\\/\\\/main.sommelieredit.com\\\/pt\\\/sponsors\\\/esporao\\\/\",\"name\":\"Espor\u00e3o | Sommelier Edit\",\"isPartOf\":{\"@id\":\"https:\\\/\\\/main.sommelieredit.com\\\/#website\"},\"datePublished\":\"2026-04-10T08:28:55+00:00\",\"dateModified\":\"2026-04-13T10:16:09+00:00\",\"description\":\"A rela\u00e7\u00e3o de longa data do Espor\u00e3o com a comunidade sommelier \u00e9 refor\u00e7ada pela parceria com a iniciativa Top 100 Sommeliers.\",\"breadcrumb\":{\"@id\":\"https:\\\/\\\/main.sommelieredit.com\\\/pt\\\/sponsors\\\/esporao\\\/#breadcrumb\"},\"inLanguage\":\"pt-PT\",\"potentialAction\":[{\"@type\":\"ReadAction\",\"target\":[\"https:\\\/\\\/main.sommelieredit.com\\\/pt\\\/sponsors\\\/esporao\\\/\"]}]},{\"@type\":\"BreadcrumbList\",\"@id\":\"https:\\\/\\\/main.sommelieredit.com\\\/pt\\\/sponsors\\\/esporao\\\/#breadcrumb\",\"itemListElement\":[{\"@type\":\"ListItem\",\"position\":1,\"name\":\"Home\",\"item\":\"https:\\\/\\\/main.sommelieredit.com\\\/pt\\\/magazine\\\/\"},{\"@type\":\"ListItem\",\"position\":2,\"name\":\"Sponsors\",\"item\":\"https:\\\/\\\/main.sommelieredit.com\\\/pt\\\/sponsors\\\/\"},{\"@type\":\"ListItem\",\"position\":3,\"name\":\"Espor\u00e3o\"}]},{\"@type\":\"WebSite\",\"@id\":\"https:\\\/\\\/main.sommelieredit.com\\\/#website\",\"url\":\"https:\\\/\\\/main.sommelieredit.com\\\/\",\"name\":\"Sommelier Edit\",\"description\":\"\",\"publisher\":{\"@id\":\"https:\\\/\\\/main.sommelieredit.com\\\/#organization\"},\"potentialAction\":[{\"@type\":\"SearchAction\",\"target\":{\"@type\":\"EntryPoint\",\"urlTemplate\":\"https:\\\/\\\/main.sommelieredit.com\\\/?s={search_term_string}\"},\"query-input\":{\"@type\":\"PropertyValueSpecification\",\"valueRequired\":true,\"valueName\":\"search_term_string\"}}],\"inLanguage\":\"pt-PT\"},{\"@type\":\"Organization\",\"@id\":\"https:\\\/\\\/main.sommelieredit.com\\\/#organization\",\"name\":\"Sommelier Edit\",\"url\":\"https:\\\/\\\/main.sommelieredit.com\\\/\",\"logo\":{\"@type\":\"ImageObject\",\"inLanguage\":\"pt-PT\",\"@id\":\"https:\\\/\\\/main.sommelieredit.com\\\/#\\\/schema\\\/logo\\\/image\\\/\",\"url\":\"https:\\\/\\\/main.sommelieredit.com\\\/wp-content\\\/uploads\\\/2022\\\/12\\\/sommelier-edit-logo-og.png\",\"contentUrl\":\"https:\\\/\\\/main.sommelieredit.com\\\/wp-content\\\/uploads\\\/2022\\\/12\\\/sommelier-edit-logo-og.png\",\"width\":1200,\"height\":630,\"caption\":\"Sommelier Edit\"},\"image\":{\"@id\":\"https:\\\/\\\/main.sommelieredit.com\\\/#\\\/schema\\\/logo\\\/image\\\/\"},\"sameAs\":[\"https:\\\/\\\/www.facebook.com\\\/sommelieredit\\\/\",\"https:\\\/\\\/x.com\\\/SommelierEdit\",\"https:\\\/\\\/www.instagram.com\\\/sommelieredit\\\/\",\"https:\\\/\\\/www.linkedin.com\\\/company\\\/sommelier-edit\\\/\",\"https:\\\/\\\/vimeo.com\\\/sommelieredit\"]}]}<\/script>\n<!-- \/ Yoast SEO plugin. -->","yoast_head_json":{"title":"Espor\u00e3o | Sommelier Edit","description":"A rela\u00e7\u00e3o de longa data do Espor\u00e3o com a comunidade sommelier \u00e9 refor\u00e7ada pela parceria com a iniciativa Top 100 Sommeliers.","robots":{"index":"noindex","follow":"follow","max-snippet":"max-snippet:-1","max-image-preview":"max-image-preview:large","max-video-preview":"max-video-preview:-1"},"og_locale":"pt_PT","og_type":"article","og_title":"Espor\u00e3o | Sommelier Edit","og_description":"A rela\u00e7\u00e3o de longa data do Espor\u00e3o com a comunidade sommelier \u00e9 refor\u00e7ada pela parceria com a iniciativa Top 100 Sommeliers.","og_url":"https:\/\/main.sommelieredit.com\/pt\/sponsors\/esporao\/","og_site_name":"Sommelier Edit","article_publisher":"https:\/\/www.facebook.com\/sommelieredit\/","article_modified_time":"2026-04-13T10:16:09+00:00","og_image":[{"width":1200,"height":630,"url":"https:\/\/main.sommelieredit.com\/wp-content\/uploads\/2022\/12\/sommelier-edit-logo-og.png","type":"image\/png"}],"twitter_card":"summary_large_image","twitter_site":"@SommelierEdit","twitter_misc":{"Tempo estimado de leitura":"2 minutos"},"schema":{"@context":"https:\/\/schema.org","@graph":[{"@type":"WebPage","@id":"https:\/\/main.sommelieredit.com\/pt\/sponsors\/esporao\/","url":"https:\/\/main.sommelieredit.com\/pt\/sponsors\/esporao\/","name":"Espor\u00e3o | Sommelier Edit","isPartOf":{"@id":"https:\/\/main.sommelieredit.com\/#website"},"datePublished":"2026-04-10T08:28:55+00:00","dateModified":"2026-04-13T10:16:09+00:00","description":"A rela\u00e7\u00e3o de longa data do Espor\u00e3o com a comunidade sommelier \u00e9 refor\u00e7ada pela parceria com a iniciativa Top 100 Sommeliers.","breadcrumb":{"@id":"https:\/\/main.sommelieredit.com\/pt\/sponsors\/esporao\/#breadcrumb"},"inLanguage":"pt-PT","potentialAction":[{"@type":"ReadAction","target":["https:\/\/main.sommelieredit.com\/pt\/sponsors\/esporao\/"]}]},{"@type":"BreadcrumbList","@id":"https:\/\/main.sommelieredit.com\/pt\/sponsors\/esporao\/#breadcrumb","itemListElement":[{"@type":"ListItem","position":1,"name":"Home","item":"https:\/\/main.sommelieredit.com\/pt\/magazine\/"},{"@type":"ListItem","position":2,"name":"Sponsors","item":"https:\/\/main.sommelieredit.com\/pt\/sponsors\/"},{"@type":"ListItem","position":3,"name":"Espor\u00e3o"}]},{"@type":"WebSite","@id":"https:\/\/main.sommelieredit.com\/#website","url":"https:\/\/main.sommelieredit.com\/","name":"Sommelier Edit","description":"","publisher":{"@id":"https:\/\/main.sommelieredit.com\/#organization"},"potentialAction":[{"@type":"SearchAction","target":{"@type":"EntryPoint","urlTemplate":"https:\/\/main.sommelieredit.com\/?s={search_term_string}"},"query-input":{"@type":"PropertyValueSpecification","valueRequired":true,"valueName":"search_term_string"}}],"inLanguage":"pt-PT"},{"@type":"Organization","@id":"https:\/\/main.sommelieredit.com\/#organization","name":"Sommelier Edit","url":"https:\/\/main.sommelieredit.com\/","logo":{"@type":"ImageObject","inLanguage":"pt-PT","@id":"https:\/\/main.sommelieredit.com\/#\/schema\/logo\/image\/","url":"https:\/\/main.sommelieredit.com\/wp-content\/uploads\/2022\/12\/sommelier-edit-logo-og.png","contentUrl":"https:\/\/main.sommelieredit.com\/wp-content\/uploads\/2022\/12\/sommelier-edit-logo-og.png","width":1200,"height":630,"caption":"Sommelier Edit"},"image":{"@id":"https:\/\/main.sommelieredit.com\/#\/schema\/logo\/image\/"},"sameAs":["https:\/\/www.facebook.com\/sommelieredit\/","https:\/\/x.com\/SommelierEdit","https:\/\/www.instagram.com\/sommelieredit\/","https:\/\/www.linkedin.com\/company\/sommelier-edit\/","https:\/\/vimeo.com\/sommelieredit"]}]}},"_links":{"self":[{"href":"https:\/\/main.sommelieredit.com\/pt\/wp-json\/wp\/v2\/pages\/14676","targetHints":{"allow":["GET"]}}],"collection":[{"href":"https:\/\/main.sommelieredit.com\/pt\/wp-json\/wp\/v2\/pages"}],"about":[{"href":"https:\/\/main.sommelieredit.com\/pt\/wp-json\/wp\/v2\/types\/page"}],"author":[{"embeddable":true,"href":"https:\/\/main.sommelieredit.com\/pt\/wp-json\/wp\/v2\/users\/17"}],"replies":[{"embeddable":true,"href":"https:\/\/main.sommelieredit.com\/pt\/wp-json\/wp\/v2\/comments?post=14676"}],"version-history":[{"count":0,"href":"https:\/\/main.sommelieredit.com\/pt\/wp-json\/wp\/v2\/pages\/14676\/revisions"}],"up":[{"embeddable":true,"href":"https:\/\/main.sommelieredit.com\/pt\/wp-json\/wp\/v2\/pages\/14413"}],"wp:attachment":[{"href":"https:\/\/main.sommelieredit.com\/pt\/wp-json\/wp\/v2\/media?parent=14676"}],"curies":[{"name":"wp","href":"https:\/\/api.w.org\/{rel}","templated":true}]}}